

{"id":32831,"date":"2024-08-05T09:21:01","date_gmt":"2024-08-05T06:21:01","guid":{"rendered":"https:\/\/kinnunen.kotisivut.co\/?post_type=product&#038;p=32831"},"modified":"2025-12-11T15:09:15","modified_gmt":"2025-12-11T13:09:15","slug":"so-pure-restore-conditioner-refill-400ml","status":"publish","type":"product","link":"https:\/\/kinnunen.kotisivut.co\/en\/product\/so-pure-restore-conditioner-refill-400ml\/","title":{"rendered":"So Pure Restore Conditioner Refill 400ml"},"content":{"rendered":"","protected":false},"excerpt":{"rendered":"<p>So Pure Restore leaves hair looking healthy and intensely moisturized. Rich, nourishing hydration for dry and damaged hair. Cactus fig extract helps to moisturise every strand of hair in every layer. Restore Conditioner leaves hair weightless.<br \/>\nUSE:<br \/>\nApply to shampooed, towel-dried hair. Leave on for 1 to 3 minutes,<br \/>\nto give the conditioner time to do its job. Rinse thoroughly.<\/p>\n<p>Remember to order also if necessary <a href=\"https:\/\/kinnunen.kotisivut.co\/en\/product\/so-pure-dispenser-tayttopullot\/\">filling bottle<\/a><\/p>","protected":false},"featured_media":32806,"comment_status":"closed","ping_status":"closed","template":"","meta":{"_relevanssi_hide_post":"","_relevanssi_pin_for_all":"","_relevanssi_pin_keywords":"","_relevanssi_unpin_keywords":"","_relevanssi_related_keywords":"","_relevanssi_related_include_ids":"","_relevanssi_related_exclude_ids":"","_relevanssi_related_no_append":"","_relevanssi_related_not_related":"","_relevanssi_related_posts":"","_relevanssi_noindex_reason":""},"product_cat":[1727,1734,1744],"product_tag":[2213],"class_list":["post-32831","product","type-product","status-publish","has-post-thumbnail","hentry","product_cat-hiuskosmetiikka","product_cat-hoitoaineet-ja-hiusmaamiot","product_cat-keune-so-pure-hoitoaineet-ja-hiusmaamiot","product_tag-so-pure-hoitoaineet","tuotemerkki-keune-haircosmetics","tuotemerkki-so-pure"],"tuotemerkit":[{"term_id":25,"name":"Keune Haircosmetics","slug":"keune-haircosmetics","term_group":0,"term_taxonomy_id":25,"taxonomy":"tuotemerkki","description":"","parent":0,"count":293,"filter":"raw"},{"term_id":573,"name":"So Pure","slug":"so-pure","term_group":0,"term_taxonomy_id":573,"taxonomy":"tuotemerkki","description":"","parent":25,"count":19,"filter":"raw"}],"acf":[],"yoast_head":"<!-- This site is optimized with the Yoast SEO plugin v23.3 - https:\/\/yoast.com\/wordpress\/plugins\/seo\/ -->\n<title>So Pure Restore Conditioner Refill 400ml - Kinnunen<\/title>\n<meta name=\"robots\" content=\"noindex, follow, max-snippet:-1, max-image-preview:large, max-video-preview:-1\" \/>\n<meta property=\"og:locale\" content=\"en_GB\" \/>\n<meta property=\"og:type\" content=\"article\" \/>\n<meta property=\"og:title\" content=\"So Pure Restore Conditioner Refill 400ml - Kinnunen\" \/>\n<meta property=\"og:description\" content=\"So Pure Restore tekee hiukset terveen n\u00e4k\u00f6isiksi ja kosteuttaa voimakkaasti. Rikas, ravitseva kosteutus kuiville ja vaurioituneille hiuksille. Kaktusviikunauute auttaa kosteuttamaan jokaisen hiuss\u00e4ikeen jokaista kerrosta. Restore hoitoaine j\u00e4tt\u00e4\u00e4 hiukset painottomiksi. K\u00c4YTT\u00d6: Levit\u00e4 shampoolla pestyihin pyyhekuiviin hiuksiin. Anna vaikuttaa 1 - 3 minuuttia, jotta hoitoaine ehtii tehd\u00e4 ty\u00f6ns\u00e4. Huuhtele huolellisesti.  Muistathan tilata tarvittaessa my\u00f6s t\u00e4ytt\u00f6pullon\" \/>\n<meta property=\"og:url\" content=\"https:\/\/kinnunen.kotisivut.co\/en\/product\/so-pure-restore-conditioner-refill-400ml\/\" \/>\n<meta property=\"og:site_name\" content=\"Kinnunen\" \/>\n<meta property=\"article:modified_time\" content=\"2025-12-11T13:09:15+00:00\" \/>\n<meta property=\"og:image\" content=\"https:\/\/kinnunen.kotisivut.co\/wp-content\/uploads\/2023\/09\/23806.png\" \/>\n\t<meta property=\"og:image:width\" content=\"1000\" \/>\n\t<meta property=\"og:image:height\" content=\"1000\" \/>\n\t<meta property=\"og:image:type\" content=\"image\/png\" \/>\n<meta name=\"twitter:card\" content=\"summary_large_image\" \/>\n<script type=\"application\/ld+json\" class=\"yoast-schema-graph\">{\"@context\":\"https:\/\/schema.org\",\"@graph\":[{\"@type\":\"WebPage\",\"@id\":\"https:\/\/kinnunen.kotisivut.co\/tuote\/so-pure-restore-conditioner-refill-400ml\/\",\"url\":\"https:\/\/kinnunen.kotisivut.co\/tuote\/so-pure-restore-conditioner-refill-400ml\/\",\"name\":\"So Pure Restore Conditioner Refill 400ml - Kinnunen\",\"isPartOf\":{\"@id\":\"https:\/\/kinnunen.kotisivut.co\/#website\"},\"primaryImageOfPage\":{\"@id\":\"https:\/\/kinnunen.kotisivut.co\/tuote\/so-pure-restore-conditioner-refill-400ml\/#primaryimage\"},\"image\":{\"@id\":\"https:\/\/kinnunen.kotisivut.co\/tuote\/so-pure-restore-conditioner-refill-400ml\/#primaryimage\"},\"thumbnailUrl\":\"https:\/\/kinnunen.kotisivut.co\/wp-content\/uploads\/2023\/09\/23806.png\",\"datePublished\":\"2024-08-05T06:21:01+00:00\",\"dateModified\":\"2025-12-11T13:09:15+00:00\",\"breadcrumb\":{\"@id\":\"https:\/\/kinnunen.kotisivut.co\/tuote\/so-pure-restore-conditioner-refill-400ml\/#breadcrumb\"},\"inLanguage\":\"en-GB\",\"potentialAction\":[{\"@type\":\"ReadAction\",\"target\":[\"https:\/\/kinnunen.kotisivut.co\/tuote\/so-pure-restore-conditioner-refill-400ml\/\"]}]},{\"@type\":\"ImageObject\",\"inLanguage\":\"en-GB\",\"@id\":\"https:\/\/kinnunen.kotisivut.co\/tuote\/so-pure-restore-conditioner-refill-400ml\/#primaryimage\",\"url\":\"https:\/\/kinnunen.kotisivut.co\/wp-content\/uploads\/2023\/09\/23806.png\",\"contentUrl\":\"https:\/\/kinnunen.kotisivut.co\/wp-content\/uploads\/2023\/09\/23806.png\",\"width\":1000,\"height\":1000},{\"@type\":\"BreadcrumbList\",\"@id\":\"https:\/\/kinnunen.kotisivut.co\/tuote\/so-pure-restore-conditioner-refill-400ml\/#breadcrumb\",\"itemListElement\":[{\"@type\":\"ListItem\",\"position\":1,\"name\":\"Etusivu\",\"item\":\"https:\/\/kinnunen.kotisivut.co\/\"},{\"@type\":\"ListItem\",\"position\":2,\"name\":\"Kaikki tuotteet\",\"item\":\"https:\/\/kinnunen.kotisivut.co\/kauppa\/\"},{\"@type\":\"ListItem\",\"position\":3,\"name\":\"Hiuskosmetiikka\",\"item\":\"https:\/\/kinnunen.kotisivut.co\/tuote-osasto\/hiuskosmetiikka\/\"},{\"@type\":\"ListItem\",\"position\":4,\"name\":\"So Pure Restore Conditioner Refill 400ml\"}]},{\"@type\":\"WebSite\",\"@id\":\"https:\/\/kinnunen.kotisivut.co\/#website\",\"url\":\"https:\/\/kinnunen.kotisivut.co\/\",\"name\":\"Kinnunen\",\"description\":\"\",\"potentialAction\":[{\"@type\":\"SearchAction\",\"target\":{\"@type\":\"EntryPoint\",\"urlTemplate\":\"https:\/\/kinnunen.kotisivut.co\/?s={search_term_string}\"},\"query-input\":\"required name=search_term_string\"}],\"inLanguage\":\"en-GB\"}]}<\/script>\n<!-- \/ Yoast SEO plugin. -->","yoast_head_json":{"title":"So Pure Restore Conditioner Refill 400ml - Kinnunen","robots":{"index":"noindex","follow":"follow","max-snippet":"max-snippet:-1","max-image-preview":"max-image-preview:large","max-video-preview":"max-video-preview:-1"},"og_locale":"en_GB","og_type":"article","og_title":"So Pure Restore Conditioner Refill 400ml - Kinnunen","og_description":"So Pure Restore tekee hiukset terveen n\u00e4k\u00f6isiksi ja kosteuttaa voimakkaasti. Rikas, ravitseva kosteutus kuiville ja vaurioituneille hiuksille. Kaktusviikunauute auttaa kosteuttamaan jokaisen hiuss\u00e4ikeen jokaista kerrosta. Restore hoitoaine j\u00e4tt\u00e4\u00e4 hiukset painottomiksi. K\u00c4YTT\u00d6: Levit\u00e4 shampoolla pestyihin pyyhekuiviin hiuksiin. Anna vaikuttaa 1 - 3 minuuttia, jotta hoitoaine ehtii tehd\u00e4 ty\u00f6ns\u00e4. Huuhtele huolellisesti.  Muistathan tilata tarvittaessa my\u00f6s t\u00e4ytt\u00f6pullon","og_url":"https:\/\/kinnunen.kotisivut.co\/en\/product\/so-pure-restore-conditioner-refill-400ml\/","og_site_name":"Kinnunen","article_modified_time":"2025-12-11T13:09:15+00:00","og_image":[{"width":1000,"height":1000,"url":"https:\/\/kinnunen.kotisivut.co\/wp-content\/uploads\/2023\/09\/23806.png","type":"image\/png"}],"twitter_card":"summary_large_image","schema":{"@context":"https:\/\/schema.org","@graph":[{"@type":"WebPage","@id":"https:\/\/kinnunen.kotisivut.co\/tuote\/so-pure-restore-conditioner-refill-400ml\/","url":"https:\/\/kinnunen.kotisivut.co\/tuote\/so-pure-restore-conditioner-refill-400ml\/","name":"So Pure Restore Conditioner Refill 400ml - Kinnunen","isPartOf":{"@id":"https:\/\/kinnunen.kotisivut.co\/#website"},"primaryImageOfPage":{"@id":"https:\/\/kinnunen.kotisivut.co\/tuote\/so-pure-restore-conditioner-refill-400ml\/#primaryimage"},"image":{"@id":"https:\/\/kinnunen.kotisivut.co\/tuote\/so-pure-restore-conditioner-refill-400ml\/#primaryimage"},"thumbnailUrl":"https:\/\/kinnunen.kotisivut.co\/wp-content\/uploads\/2023\/09\/23806.png","datePublished":"2024-08-05T06:21:01+00:00","dateModified":"2025-12-11T13:09:15+00:00","breadcrumb":{"@id":"https:\/\/kinnunen.kotisivut.co\/tuote\/so-pure-restore-conditioner-refill-400ml\/#breadcrumb"},"inLanguage":"en-GB","potentialAction":[{"@type":"ReadAction","target":["https:\/\/kinnunen.kotisivut.co\/tuote\/so-pure-restore-conditioner-refill-400ml\/"]}]},{"@type":"ImageObject","inLanguage":"en-GB","@id":"https:\/\/kinnunen.kotisivut.co\/tuote\/so-pure-restore-conditioner-refill-400ml\/#primaryimage","url":"https:\/\/kinnunen.kotisivut.co\/wp-content\/uploads\/2023\/09\/23806.png","contentUrl":"https:\/\/kinnunen.kotisivut.co\/wp-content\/uploads\/2023\/09\/23806.png","width":1000,"height":1000},{"@type":"BreadcrumbList","@id":"https:\/\/kinnunen.kotisivut.co\/tuote\/so-pure-restore-conditioner-refill-400ml\/#breadcrumb","itemListElement":[{"@type":"ListItem","position":1,"name":"Etusivu","item":"https:\/\/kinnunen.kotisivut.co\/"},{"@type":"ListItem","position":2,"name":"Kaikki tuotteet","item":"https:\/\/kinnunen.kotisivut.co\/kauppa\/"},{"@type":"ListItem","position":3,"name":"Hiuskosmetiikka","item":"https:\/\/kinnunen.kotisivut.co\/tuote-osasto\/hiuskosmetiikka\/"},{"@type":"ListItem","position":4,"name":"So Pure Restore Conditioner Refill 400ml"}]},{"@type":"WebSite","@id":"https:\/\/kinnunen.kotisivut.co\/#website","url":"https:\/\/kinnunen.kotisivut.co\/","name":"Kinnunen","description":"","potentialAction":[{"@type":"SearchAction","target":{"@type":"EntryPoint","urlTemplate":"https:\/\/kinnunen.kotisivut.co\/?s={search_term_string}"},"query-input":"required name=search_term_string"}],"inLanguage":"en-GB"}]}},"_links":{"self":[{"href":"https:\/\/kinnunen.kotisivut.co\/en\/wp-json\/wp\/v2\/product\/32831","targetHints":{"allow":["GET"]}}],"collection":[{"href":"https:\/\/kinnunen.kotisivut.co\/en\/wp-json\/wp\/v2\/product"}],"about":[{"href":"https:\/\/kinnunen.kotisivut.co\/en\/wp-json\/wp\/v2\/types\/product"}],"replies":[{"embeddable":true,"href":"https:\/\/kinnunen.kotisivut.co\/en\/wp-json\/wp\/v2\/comments?post=32831"}],"wp:featuredmedia":[{"embeddable":true,"href":"https:\/\/kinnunen.kotisivut.co\/en\/wp-json\/wp\/v2\/media\/32806"}],"wp:attachment":[{"href":"https:\/\/kinnunen.kotisivut.co\/en\/wp-json\/wp\/v2\/media?parent=32831"}],"wp:term":[{"taxonomy":"product_cat","embeddable":true,"href":"https:\/\/kinnunen.kotisivut.co\/en\/wp-json\/wp\/v2\/product_cat?post=32831"},{"taxonomy":"product_tag","embeddable":true,"href":"https:\/\/kinnunen.kotisivut.co\/en\/wp-json\/wp\/v2\/product_tag?post=32831"}],"curies":[{"name":"wp","href":"https:\/\/api.w.org\/{rel}","templated":true}]}}