

{"id":32508,"date":"2023-08-29T10:14:27","date_gmt":"2023-08-29T07:14:27","guid":{"rendered":"https:\/\/kinnunen.kotisivut.co\/?post_type=product&#038;p=32508"},"modified":"2025-12-12T13:56:38","modified_gmt":"2025-12-12T11:56:38","slug":"hc-titanium-55-muotoilusakset","status":"publish","type":"product","link":"https:\/\/kinnunen.kotisivut.co\/en\/product\/hc-titanium-55-muotoilusakset\/","title":{"rendered":"HC Titanium 5,5\u2033 shaping scissors"},"content":{"rendered":"<p>Titanium-coated, extremely well-sharpened shaping scissors. The curved blades of the scissors are particularly well suited to sliding techniques. The new manufacturing technology (CNC) ensures perfect sharpening, a stable blade and a soft cutting feel. Suitable for use with all techniques.<\/p>","protected":false},"excerpt":{"rendered":"<p>Titaanipinnoiteiset, \u00e4\u00e4rimm\u00e4isen hyvin ter\u00e4vyytens\u00e4 pit\u00e4v\u00e4t muotoilusakset. Saksien kaarevat ter\u00e4t soveltuvat erityisen hyvin liu&#8217;utus tekniikoihin. Uusi valmistustekniikka (CNC) varmistaa t\u00e4ydellisen teroituksen,&hellip;<\/p>","protected":false},"featured_media":32510,"comment_status":"closed","ping_status":"closed","template":"","meta":{"_relevanssi_hide_post":"","_relevanssi_pin_for_all":"","_relevanssi_pin_keywords":"","_relevanssi_unpin_keywords":"","_relevanssi_related_keywords":"","_relevanssi_related_include_ids":"","_relevanssi_related_exclude_ids":"","_relevanssi_related_no_append":"","_relevanssi_related_not_related":"","_relevanssi_related_posts":"","_relevanssi_noindex_reason":""},"product_cat":[1783,1787],"product_tag":[],"class_list":["post-32508","product","type-product","status-publish","has-post-thumbnail","hentry","product_cat-sakset-ja-veitset","product_cat-muotoilusakset","tuotemerkki-haircamouflage"],"tuotemerkit":[{"term_id":157,"name":"HairCamouflage","slug":"haircamouflage","term_group":0,"term_taxonomy_id":157,"taxonomy":"tuotemerkki","description":"","parent":0,"count":30,"filter":"raw"}],"acf":[],"yoast_head":"<!-- This site is optimized with the Yoast SEO plugin v23.3 - https:\/\/yoast.com\/wordpress\/plugins\/seo\/ -->\n<title>HC Titanium 5,5&quot; -muotoilusakset - Kinnunen<\/title>\n<meta name=\"robots\" content=\"noindex, follow, max-snippet:-1, max-image-preview:large, max-video-preview:-1\" \/>\n<meta property=\"og:locale\" content=\"en_GB\" \/>\n<meta property=\"og:type\" content=\"article\" \/>\n<meta property=\"og:title\" content=\"HC Titanium 5,5&quot; -muotoilusakset - Kinnunen\" \/>\n<meta property=\"og:description\" content=\"Titaanipinnoiteiset, \u00e4\u00e4rimm\u00e4isen hyvin ter\u00e4vyytens\u00e4 pit\u00e4v\u00e4t muotoilusakset. Saksien kaarevat ter\u00e4t soveltuvat erityisen hyvin liu&#8217;utus tekniikoihin. Uusi valmistustekniikka (CNC) varmistaa t\u00e4ydellisen teroituksen,&hellip;\" \/>\n<meta property=\"og:url\" content=\"https:\/\/kinnunen.kotisivut.co\/en\/product\/hc-titanium-55-muotoilusakset\/\" \/>\n<meta property=\"og:site_name\" content=\"Kinnunen\" \/>\n<meta property=\"article:modified_time\" content=\"2025-12-12T11:56:38+00:00\" \/>\n<meta property=\"og:image\" content=\"https:\/\/kinnunen.kotisivut.co\/wp-content\/uploads\/2023\/08\/HairCamouflage_titanium_muotoilusakset.jpg\" \/>\n\t<meta property=\"og:image:width\" content=\"1000\" \/>\n\t<meta property=\"og:image:height\" content=\"1000\" \/>\n\t<meta property=\"og:image:type\" content=\"image\/jpeg\" \/>\n<meta name=\"twitter:card\" content=\"summary_large_image\" \/>\n<script type=\"application\/ld+json\" class=\"yoast-schema-graph\">{\"@context\":\"https:\/\/schema.org\",\"@graph\":[{\"@type\":\"WebPage\",\"@id\":\"https:\/\/kinnunen.kotisivut.co\/tuote\/hc-titanium-55-muotoilusakset\/\",\"url\":\"https:\/\/kinnunen.kotisivut.co\/tuote\/hc-titanium-55-muotoilusakset\/\",\"name\":\"HC Titanium 5,5\\\" -muotoilusakset - Kinnunen\",\"isPartOf\":{\"@id\":\"https:\/\/kinnunen.kotisivut.co\/#website\"},\"primaryImageOfPage\":{\"@id\":\"https:\/\/kinnunen.kotisivut.co\/tuote\/hc-titanium-55-muotoilusakset\/#primaryimage\"},\"image\":{\"@id\":\"https:\/\/kinnunen.kotisivut.co\/tuote\/hc-titanium-55-muotoilusakset\/#primaryimage\"},\"thumbnailUrl\":\"https:\/\/kinnunen.kotisivut.co\/wp-content\/uploads\/2023\/08\/HairCamouflage_titanium_muotoilusakset.jpg\",\"datePublished\":\"2023-08-29T07:14:27+00:00\",\"dateModified\":\"2025-12-12T11:56:38+00:00\",\"breadcrumb\":{\"@id\":\"https:\/\/kinnunen.kotisivut.co\/tuote\/hc-titanium-55-muotoilusakset\/#breadcrumb\"},\"inLanguage\":\"en-GB\",\"potentialAction\":[{\"@type\":\"ReadAction\",\"target\":[\"https:\/\/kinnunen.kotisivut.co\/tuote\/hc-titanium-55-muotoilusakset\/\"]}]},{\"@type\":\"ImageObject\",\"inLanguage\":\"en-GB\",\"@id\":\"https:\/\/kinnunen.kotisivut.co\/tuote\/hc-titanium-55-muotoilusakset\/#primaryimage\",\"url\":\"https:\/\/kinnunen.kotisivut.co\/wp-content\/uploads\/2023\/08\/HairCamouflage_titanium_muotoilusakset.jpg\",\"contentUrl\":\"https:\/\/kinnunen.kotisivut.co\/wp-content\/uploads\/2023\/08\/HairCamouflage_titanium_muotoilusakset.jpg\",\"width\":1000,\"height\":1000},{\"@type\":\"BreadcrumbList\",\"@id\":\"https:\/\/kinnunen.kotisivut.co\/tuote\/hc-titanium-55-muotoilusakset\/#breadcrumb\",\"itemListElement\":[{\"@type\":\"ListItem\",\"position\":1,\"name\":\"Etusivu\",\"item\":\"https:\/\/kinnunen.kotisivut.co\/\"},{\"@type\":\"ListItem\",\"position\":2,\"name\":\"Kaikki tuotteet\",\"item\":\"https:\/\/kinnunen.kotisivut.co\/kauppa\/\"},{\"@type\":\"ListItem\",\"position\":3,\"name\":\"Sakset ja veitset\",\"item\":\"https:\/\/kinnunen.kotisivut.co\/tuote-osasto\/sakset-ja-veitset\/\"},{\"@type\":\"ListItem\",\"position\":4,\"name\":\"HC Titanium 5,5&#8243; -muotoilusakset\"}]},{\"@type\":\"WebSite\",\"@id\":\"https:\/\/kinnunen.kotisivut.co\/#website\",\"url\":\"https:\/\/kinnunen.kotisivut.co\/\",\"name\":\"Kinnunen\",\"description\":\"\",\"potentialAction\":[{\"@type\":\"SearchAction\",\"target\":{\"@type\":\"EntryPoint\",\"urlTemplate\":\"https:\/\/kinnunen.kotisivut.co\/?s={search_term_string}\"},\"query-input\":\"required name=search_term_string\"}],\"inLanguage\":\"en-GB\"}]}<\/script>\n<!-- \/ Yoast SEO plugin. -->","yoast_head_json":{"title":"HC Titanium 5,5\" -muotoilusakset - Kinnunen","robots":{"index":"noindex","follow":"follow","max-snippet":"max-snippet:-1","max-image-preview":"max-image-preview:large","max-video-preview":"max-video-preview:-1"},"og_locale":"en_GB","og_type":"article","og_title":"HC Titanium 5,5\" -muotoilusakset - Kinnunen","og_description":"Titaanipinnoiteiset, \u00e4\u00e4rimm\u00e4isen hyvin ter\u00e4vyytens\u00e4 pit\u00e4v\u00e4t muotoilusakset. Saksien kaarevat ter\u00e4t soveltuvat erityisen hyvin liu&#8217;utus tekniikoihin. Uusi valmistustekniikka (CNC) varmistaa t\u00e4ydellisen teroituksen,&hellip;","og_url":"https:\/\/kinnunen.kotisivut.co\/en\/product\/hc-titanium-55-muotoilusakset\/","og_site_name":"Kinnunen","article_modified_time":"2025-12-12T11:56:38+00:00","og_image":[{"width":1000,"height":1000,"url":"https:\/\/kinnunen.kotisivut.co\/wp-content\/uploads\/2023\/08\/HairCamouflage_titanium_muotoilusakset.jpg","type":"image\/jpeg"}],"twitter_card":"summary_large_image","schema":{"@context":"https:\/\/schema.org","@graph":[{"@type":"WebPage","@id":"https:\/\/kinnunen.kotisivut.co\/tuote\/hc-titanium-55-muotoilusakset\/","url":"https:\/\/kinnunen.kotisivut.co\/tuote\/hc-titanium-55-muotoilusakset\/","name":"HC Titanium 5,5\" -muotoilusakset - Kinnunen","isPartOf":{"@id":"https:\/\/kinnunen.kotisivut.co\/#website"},"primaryImageOfPage":{"@id":"https:\/\/kinnunen.kotisivut.co\/tuote\/hc-titanium-55-muotoilusakset\/#primaryimage"},"image":{"@id":"https:\/\/kinnunen.kotisivut.co\/tuote\/hc-titanium-55-muotoilusakset\/#primaryimage"},"thumbnailUrl":"https:\/\/kinnunen.kotisivut.co\/wp-content\/uploads\/2023\/08\/HairCamouflage_titanium_muotoilusakset.jpg","datePublished":"2023-08-29T07:14:27+00:00","dateModified":"2025-12-12T11:56:38+00:00","breadcrumb":{"@id":"https:\/\/kinnunen.kotisivut.co\/tuote\/hc-titanium-55-muotoilusakset\/#breadcrumb"},"inLanguage":"en-GB","potentialAction":[{"@type":"ReadAction","target":["https:\/\/kinnunen.kotisivut.co\/tuote\/hc-titanium-55-muotoilusakset\/"]}]},{"@type":"ImageObject","inLanguage":"en-GB","@id":"https:\/\/kinnunen.kotisivut.co\/tuote\/hc-titanium-55-muotoilusakset\/#primaryimage","url":"https:\/\/kinnunen.kotisivut.co\/wp-content\/uploads\/2023\/08\/HairCamouflage_titanium_muotoilusakset.jpg","contentUrl":"https:\/\/kinnunen.kotisivut.co\/wp-content\/uploads\/2023\/08\/HairCamouflage_titanium_muotoilusakset.jpg","width":1000,"height":1000},{"@type":"BreadcrumbList","@id":"https:\/\/kinnunen.kotisivut.co\/tuote\/hc-titanium-55-muotoilusakset\/#breadcrumb","itemListElement":[{"@type":"ListItem","position":1,"name":"Etusivu","item":"https:\/\/kinnunen.kotisivut.co\/"},{"@type":"ListItem","position":2,"name":"Kaikki tuotteet","item":"https:\/\/kinnunen.kotisivut.co\/kauppa\/"},{"@type":"ListItem","position":3,"name":"Sakset ja veitset","item":"https:\/\/kinnunen.kotisivut.co\/tuote-osasto\/sakset-ja-veitset\/"},{"@type":"ListItem","position":4,"name":"HC Titanium 5,5&#8243; -muotoilusakset"}]},{"@type":"WebSite","@id":"https:\/\/kinnunen.kotisivut.co\/#website","url":"https:\/\/kinnunen.kotisivut.co\/","name":"Kinnunen","description":"","potentialAction":[{"@type":"SearchAction","target":{"@type":"EntryPoint","urlTemplate":"https:\/\/kinnunen.kotisivut.co\/?s={search_term_string}"},"query-input":"required name=search_term_string"}],"inLanguage":"en-GB"}]}},"_links":{"self":[{"href":"https:\/\/kinnunen.kotisivut.co\/en\/wp-json\/wp\/v2\/product\/32508","targetHints":{"allow":["GET"]}}],"collection":[{"href":"https:\/\/kinnunen.kotisivut.co\/en\/wp-json\/wp\/v2\/product"}],"about":[{"href":"https:\/\/kinnunen.kotisivut.co\/en\/wp-json\/wp\/v2\/types\/product"}],"replies":[{"embeddable":true,"href":"https:\/\/kinnunen.kotisivut.co\/en\/wp-json\/wp\/v2\/comments?post=32508"}],"wp:featuredmedia":[{"embeddable":true,"href":"https:\/\/kinnunen.kotisivut.co\/en\/wp-json\/wp\/v2\/media\/32510"}],"wp:attachment":[{"href":"https:\/\/kinnunen.kotisivut.co\/en\/wp-json\/wp\/v2\/media?parent=32508"}],"wp:term":[{"taxonomy":"product_cat","embeddable":true,"href":"https:\/\/kinnunen.kotisivut.co\/en\/wp-json\/wp\/v2\/product_cat?post=32508"},{"taxonomy":"product_tag","embeddable":true,"href":"https:\/\/kinnunen.kotisivut.co\/en\/wp-json\/wp\/v2\/product_tag?post=32508"}],"curies":[{"name":"wp","href":"https:\/\/api.w.org\/{rel}","templated":true}]}}