

{"id":32324,"date":"2023-08-15T11:37:24","date_gmt":"2023-08-15T08:37:24","guid":{"rendered":"https:\/\/kinnunen.kotisivut.co\/?post_type=product&#038;p=32324"},"modified":"2025-12-05T15:15:48","modified_gmt":"2025-12-05T13:15:48","slug":"y-s-park-339-leikkauskampa-vihrea","status":"publish","type":"product","link":"https:\/\/kinnunen.kotisivut.co\/en\/product\/y-s-park-339-leikkauskampa-vihrea\/","title":{"rendered":"Y.S.Park 339 Cutting comb, green"},"content":{"rendered":"","protected":false},"excerpt":{"rendered":"<p>The first branded cutting comb in the Y.S.Park series. This comb is specially designed for cutting short and medium length hair. The comb is well balanced, which brings confidence and speed to your work. The comb has a sectioning spike, holes every 1 cm to facilitate the definition of proportions and a normal and dense spike spacing.<br \/>\nLength 180 mm.<br \/>\nY.S. Park combs are made of very durable plastic, which is nevertheless a flexible but tough material. The combs can withstand temperatures of up to 220 degrees and are resistant to dirt and chemicals. Made in Japan.<\/p>","protected":false},"featured_media":32322,"comment_status":"closed","ping_status":"closed","template":"","meta":{"_relevanssi_hide_post":"","_relevanssi_pin_for_all":"","_relevanssi_pin_keywords":"","_relevanssi_unpin_keywords":"","_relevanssi_related_keywords":"","_relevanssi_related_include_ids":"","_relevanssi_related_exclude_ids":"","_relevanssi_related_no_append":"","_relevanssi_related_not_related":"","_relevanssi_related_posts":"","_relevanssi_noindex_reason":""},"product_cat":[1790,1795],"product_tag":[],"class_list":["post-32324","product","type-product","status-publish","has-post-thumbnail","hentry","product_cat-harjat-ja-kammat","product_cat-leikkauskamat","tuotemerkki-y-s-park"],"tuotemerkit":[{"term_id":193,"name":"Y.S.Park","slug":"y-s-park","term_group":0,"term_taxonomy_id":193,"taxonomy":"tuotemerkki","description":"","parent":0,"count":61,"filter":"raw"}],"acf":[],"yoast_head":"<!-- This site is optimized with the Yoast SEO plugin v23.3 - https:\/\/yoast.com\/wordpress\/plugins\/seo\/ -->\n<title>Y.S.Park 339 Leikkauskampa, vihre\u00e4 - Kinnunen<\/title>\n<meta name=\"robots\" content=\"noindex, follow, max-snippet:-1, max-image-preview:large, max-video-preview:-1\" \/>\n<meta property=\"og:locale\" content=\"en_GB\" \/>\n<meta property=\"og:type\" content=\"article\" \/>\n<meta property=\"og:title\" content=\"Y.S.Park 339 Leikkauskampa, vihre\u00e4 - Kinnunen\" \/>\n<meta property=\"og:description\" content=\"Y.S.Park- sarjan ensimm\u00e4inen br\u00e4nd\u00e4tty leikkauskampa. T\u00e4m\u00e4 kampa on suunniteltu erityisesti lyhyiden sek\u00e4 puolipitkien hiusten leikkaamiseen. Kampa on hyvin tasapainotettu, joka tuo varmuutta ja nopeutta ty\u00f6skentelyyn. Kammassa on osiointipiikki, rei\u00e4t 1 cm v\u00e4lein helpottamaan mittasuhteiden hahmotusta sek\u00e4 normaali ja tihe\u00e4 piikkien v\u00e4litys. Pituus 180 mm. Y.S. Park kammat ovat valmistettu eritt\u00e4in kest\u00e4v\u00e4st\u00e4 muovista, joka on kuitenkin taipuisaa, mutta kovaa materiaalia. Kammat kest\u00e4v\u00e4t jopa 220 astetta sek\u00e4 ne hylkiv\u00e4t likaa ja kemikaaleja. Valmistettu Japanissa.\" \/>\n<meta property=\"og:url\" content=\"https:\/\/kinnunen.kotisivut.co\/en\/product\/y-s-park-339-leikkauskampa-vihrea\/\" \/>\n<meta property=\"og:site_name\" content=\"Kinnunen\" \/>\n<meta property=\"article:modified_time\" content=\"2025-12-05T13:15:48+00:00\" \/>\n<meta property=\"og:image\" content=\"https:\/\/kinnunen.kotisivut.co\/wp-content\/uploads\/2023\/08\/YS339_green.jpg\" \/>\n\t<meta property=\"og:image:width\" content=\"1000\" \/>\n\t<meta property=\"og:image:height\" content=\"1000\" \/>\n\t<meta property=\"og:image:type\" content=\"image\/jpeg\" \/>\n<meta name=\"twitter:card\" content=\"summary_large_image\" \/>\n<script type=\"application\/ld+json\" class=\"yoast-schema-graph\">{\"@context\":\"https:\/\/schema.org\",\"@graph\":[{\"@type\":\"WebPage\",\"@id\":\"https:\/\/kinnunen.kotisivut.co\/tuote\/y-s-park-339-leikkauskampa-vihrea\/\",\"url\":\"https:\/\/kinnunen.kotisivut.co\/tuote\/y-s-park-339-leikkauskampa-vihrea\/\",\"name\":\"Y.S.Park 339 Leikkauskampa, vihre\u00e4 - Kinnunen\",\"isPartOf\":{\"@id\":\"https:\/\/kinnunen.kotisivut.co\/#website\"},\"primaryImageOfPage\":{\"@id\":\"https:\/\/kinnunen.kotisivut.co\/tuote\/y-s-park-339-leikkauskampa-vihrea\/#primaryimage\"},\"image\":{\"@id\":\"https:\/\/kinnunen.kotisivut.co\/tuote\/y-s-park-339-leikkauskampa-vihrea\/#primaryimage\"},\"thumbnailUrl\":\"https:\/\/kinnunen.kotisivut.co\/wp-content\/uploads\/2023\/08\/YS339_green.jpg\",\"datePublished\":\"2023-08-15T08:37:24+00:00\",\"dateModified\":\"2025-12-05T13:15:48+00:00\",\"breadcrumb\":{\"@id\":\"https:\/\/kinnunen.kotisivut.co\/tuote\/y-s-park-339-leikkauskampa-vihrea\/#breadcrumb\"},\"inLanguage\":\"en-GB\",\"potentialAction\":[{\"@type\":\"ReadAction\",\"target\":[\"https:\/\/kinnunen.kotisivut.co\/tuote\/y-s-park-339-leikkauskampa-vihrea\/\"]}]},{\"@type\":\"ImageObject\",\"inLanguage\":\"en-GB\",\"@id\":\"https:\/\/kinnunen.kotisivut.co\/tuote\/y-s-park-339-leikkauskampa-vihrea\/#primaryimage\",\"url\":\"https:\/\/kinnunen.kotisivut.co\/wp-content\/uploads\/2023\/08\/YS339_green.jpg\",\"contentUrl\":\"https:\/\/kinnunen.kotisivut.co\/wp-content\/uploads\/2023\/08\/YS339_green.jpg\",\"width\":1000,\"height\":1000},{\"@type\":\"BreadcrumbList\",\"@id\":\"https:\/\/kinnunen.kotisivut.co\/tuote\/y-s-park-339-leikkauskampa-vihrea\/#breadcrumb\",\"itemListElement\":[{\"@type\":\"ListItem\",\"position\":1,\"name\":\"Etusivu\",\"item\":\"https:\/\/kinnunen.kotisivut.co\/\"},{\"@type\":\"ListItem\",\"position\":2,\"name\":\"Kaikki tuotteet\",\"item\":\"https:\/\/kinnunen.kotisivut.co\/kauppa\/\"},{\"@type\":\"ListItem\",\"position\":3,\"name\":\"Tarvikkeet\",\"item\":\"https:\/\/kinnunen.kotisivut.co\/tuote-osasto\/tarvikkeet\/\"},{\"@type\":\"ListItem\",\"position\":4,\"name\":\"Harjat ja kammat\",\"item\":\"https:\/\/kinnunen.kotisivut.co\/tuote-osasto\/tarvikkeet\/harjat-ja-kammat\/\"},{\"@type\":\"ListItem\",\"position\":5,\"name\":\"Y.S.Park 339 Leikkauskampa, vihre\u00e4\"}]},{\"@type\":\"WebSite\",\"@id\":\"https:\/\/kinnunen.kotisivut.co\/#website\",\"url\":\"https:\/\/kinnunen.kotisivut.co\/\",\"name\":\"Kinnunen\",\"description\":\"\",\"potentialAction\":[{\"@type\":\"SearchAction\",\"target\":{\"@type\":\"EntryPoint\",\"urlTemplate\":\"https:\/\/kinnunen.kotisivut.co\/?s={search_term_string}\"},\"query-input\":\"required name=search_term_string\"}],\"inLanguage\":\"en-GB\"}]}<\/script>\n<!-- \/ Yoast SEO plugin. -->","yoast_head_json":{"title":"Y.S.Park 339 Leikkauskampa, vihre\u00e4 - Kinnunen","robots":{"index":"noindex","follow":"follow","max-snippet":"max-snippet:-1","max-image-preview":"max-image-preview:large","max-video-preview":"max-video-preview:-1"},"og_locale":"en_GB","og_type":"article","og_title":"Y.S.Park 339 Leikkauskampa, vihre\u00e4 - Kinnunen","og_description":"Y.S.Park- sarjan ensimm\u00e4inen br\u00e4nd\u00e4tty leikkauskampa. T\u00e4m\u00e4 kampa on suunniteltu erityisesti lyhyiden sek\u00e4 puolipitkien hiusten leikkaamiseen. Kampa on hyvin tasapainotettu, joka tuo varmuutta ja nopeutta ty\u00f6skentelyyn. Kammassa on osiointipiikki, rei\u00e4t 1 cm v\u00e4lein helpottamaan mittasuhteiden hahmotusta sek\u00e4 normaali ja tihe\u00e4 piikkien v\u00e4litys. Pituus 180 mm. Y.S. Park kammat ovat valmistettu eritt\u00e4in kest\u00e4v\u00e4st\u00e4 muovista, joka on kuitenkin taipuisaa, mutta kovaa materiaalia. Kammat kest\u00e4v\u00e4t jopa 220 astetta sek\u00e4 ne hylkiv\u00e4t likaa ja kemikaaleja. Valmistettu Japanissa.","og_url":"https:\/\/kinnunen.kotisivut.co\/en\/product\/y-s-park-339-leikkauskampa-vihrea\/","og_site_name":"Kinnunen","article_modified_time":"2025-12-05T13:15:48+00:00","og_image":[{"width":1000,"height":1000,"url":"https:\/\/kinnunen.kotisivut.co\/wp-content\/uploads\/2023\/08\/YS339_green.jpg","type":"image\/jpeg"}],"twitter_card":"summary_large_image","schema":{"@context":"https:\/\/schema.org","@graph":[{"@type":"WebPage","@id":"https:\/\/kinnunen.kotisivut.co\/tuote\/y-s-park-339-leikkauskampa-vihrea\/","url":"https:\/\/kinnunen.kotisivut.co\/tuote\/y-s-park-339-leikkauskampa-vihrea\/","name":"Y.S.Park 339 Leikkauskampa, vihre\u00e4 - Kinnunen","isPartOf":{"@id":"https:\/\/kinnunen.kotisivut.co\/#website"},"primaryImageOfPage":{"@id":"https:\/\/kinnunen.kotisivut.co\/tuote\/y-s-park-339-leikkauskampa-vihrea\/#primaryimage"},"image":{"@id":"https:\/\/kinnunen.kotisivut.co\/tuote\/y-s-park-339-leikkauskampa-vihrea\/#primaryimage"},"thumbnailUrl":"https:\/\/kinnunen.kotisivut.co\/wp-content\/uploads\/2023\/08\/YS339_green.jpg","datePublished":"2023-08-15T08:37:24+00:00","dateModified":"2025-12-05T13:15:48+00:00","breadcrumb":{"@id":"https:\/\/kinnunen.kotisivut.co\/tuote\/y-s-park-339-leikkauskampa-vihrea\/#breadcrumb"},"inLanguage":"en-GB","potentialAction":[{"@type":"ReadAction","target":["https:\/\/kinnunen.kotisivut.co\/tuote\/y-s-park-339-leikkauskampa-vihrea\/"]}]},{"@type":"ImageObject","inLanguage":"en-GB","@id":"https:\/\/kinnunen.kotisivut.co\/tuote\/y-s-park-339-leikkauskampa-vihrea\/#primaryimage","url":"https:\/\/kinnunen.kotisivut.co\/wp-content\/uploads\/2023\/08\/YS339_green.jpg","contentUrl":"https:\/\/kinnunen.kotisivut.co\/wp-content\/uploads\/2023\/08\/YS339_green.jpg","width":1000,"height":1000},{"@type":"BreadcrumbList","@id":"https:\/\/kinnunen.kotisivut.co\/tuote\/y-s-park-339-leikkauskampa-vihrea\/#breadcrumb","itemListElement":[{"@type":"ListItem","position":1,"name":"Etusivu","item":"https:\/\/kinnunen.kotisivut.co\/"},{"@type":"ListItem","position":2,"name":"Kaikki tuotteet","item":"https:\/\/kinnunen.kotisivut.co\/kauppa\/"},{"@type":"ListItem","position":3,"name":"Tarvikkeet","item":"https:\/\/kinnunen.kotisivut.co\/tuote-osasto\/tarvikkeet\/"},{"@type":"ListItem","position":4,"name":"Harjat ja kammat","item":"https:\/\/kinnunen.kotisivut.co\/tuote-osasto\/tarvikkeet\/harjat-ja-kammat\/"},{"@type":"ListItem","position":5,"name":"Y.S.Park 339 Leikkauskampa, vihre\u00e4"}]},{"@type":"WebSite","@id":"https:\/\/kinnunen.kotisivut.co\/#website","url":"https:\/\/kinnunen.kotisivut.co\/","name":"Kinnunen","description":"","potentialAction":[{"@type":"SearchAction","target":{"@type":"EntryPoint","urlTemplate":"https:\/\/kinnunen.kotisivut.co\/?s={search_term_string}"},"query-input":"required name=search_term_string"}],"inLanguage":"en-GB"}]}},"_links":{"self":[{"href":"https:\/\/kinnunen.kotisivut.co\/en\/wp-json\/wp\/v2\/product\/32324","targetHints":{"allow":["GET"]}}],"collection":[{"href":"https:\/\/kinnunen.kotisivut.co\/en\/wp-json\/wp\/v2\/product"}],"about":[{"href":"https:\/\/kinnunen.kotisivut.co\/en\/wp-json\/wp\/v2\/types\/product"}],"replies":[{"embeddable":true,"href":"https:\/\/kinnunen.kotisivut.co\/en\/wp-json\/wp\/v2\/comments?post=32324"}],"wp:featuredmedia":[{"embeddable":true,"href":"https:\/\/kinnunen.kotisivut.co\/en\/wp-json\/wp\/v2\/media\/32322"}],"wp:attachment":[{"href":"https:\/\/kinnunen.kotisivut.co\/en\/wp-json\/wp\/v2\/media?parent=32324"}],"wp:term":[{"taxonomy":"product_cat","embeddable":true,"href":"https:\/\/kinnunen.kotisivut.co\/en\/wp-json\/wp\/v2\/product_cat?post=32324"},{"taxonomy":"product_tag","embeddable":true,"href":"https:\/\/kinnunen.kotisivut.co\/en\/wp-json\/wp\/v2\/product_tag?post=32324"}],"curies":[{"name":"wp","href":"https:\/\/api.w.org\/{rel}","templated":true}]}}