

{"id":23309,"date":"2022-08-30T09:12:04","date_gmt":"2022-08-30T06:12:04","guid":{"rendered":"https:\/\/kinnunen.kotisivut.co\/?post_type=product&#038;p=23309"},"modified":"2025-12-12T15:17:10","modified_gmt":"2025-12-12T13:17:10","slug":"the-royal-tribute-hair-serum-50-ml","status":"publish","type":"product","link":"https:\/\/kinnunen.kotisivut.co\/en\/product\/the-royal-tribute-hair-serum-50-ml\/","title":{"rendered":"The Royal Tribute Hair Serum 50 ml"},"content":{"rendered":"<p>Limited edition product with a pattern designed by Joseph Klibansky. The product is available in limited quantities.<br \/>\nA luxurious and versatile vitamin E hair serum that smooths, moisturises and adds shine. This serum can be mixed with Keune colours (Ink colour, Semi colour and Color Chameleon, Directions for use: 30ml of colouring paste + 2 drops of serum), the Style range and the Care range. Tulip-inspired fragrance.<\/p>","protected":false},"excerpt":{"rendered":"<p>Limited edition tuote, jossa Joseph Klibanskyn suunnittelema kuosi. Tuotetta on saatavilla rajoitettu er\u00e4. Ylellinen ja monipuolinen E-vitamiini\u00e4 sis\u00e4lt\u00e4v\u00e4 hiusseerumi, joka&hellip;<\/p>","protected":false},"featured_media":25558,"comment_status":"open","ping_status":"closed","template":"","meta":{"_relevanssi_hide_post":"","_relevanssi_pin_for_all":"","_relevanssi_pin_keywords":"","_relevanssi_unpin_keywords":"","_relevanssi_related_keywords":"","_relevanssi_related_include_ids":"","_relevanssi_related_exclude_ids":"","_relevanssi_related_no_append":"","_relevanssi_related_not_related":"","_relevanssi_related_posts":"","_relevanssi_noindex_reason":""},"product_cat":[1727,1732,2292,1730],"product_tag":[],"class_list":["post-23309","product","type-product","status-publish","has-post-thumbnail","hentry","product_cat-hiuskosmetiikka","product_cat-muotoilu-ja-viimeistelytuotteet","product_cat-uudistettu-style","product_cat-muut-hoitotuotteet-oljyt-ja-hiuspohjan-hoito","tuotemerkki-keune-haircosmetics","tuotemerkki-keune-style"],"tuotemerkit":[{"term_id":25,"name":"Keune Haircosmetics","slug":"keune-haircosmetics","term_group":0,"term_taxonomy_id":25,"taxonomy":"tuotemerkki","description":"","parent":0,"count":293,"filter":"raw"},{"term_id":70,"name":"Keune Style","slug":"keune-style","term_group":0,"term_taxonomy_id":70,"taxonomy":"tuotemerkki","description":"","parent":25,"count":40,"filter":"raw"}],"acf":[],"yoast_head":"<!-- This site is optimized with the Yoast SEO plugin v23.3 - https:\/\/yoast.com\/wordpress\/plugins\/seo\/ -->\n<title>The Royal Tribute Hair Serum 50 ml - Kinnunen<\/title>\n<meta name=\"robots\" content=\"noindex, follow, max-snippet:-1, max-image-preview:large, max-video-preview:-1\" \/>\n<meta property=\"og:locale\" content=\"en_GB\" \/>\n<meta property=\"og:type\" content=\"article\" \/>\n<meta property=\"og:title\" content=\"The Royal Tribute Hair Serum 50 ml - Kinnunen\" \/>\n<meta property=\"og:description\" content=\"Limited edition tuote, jossa Joseph Klibanskyn suunnittelema kuosi. Tuotetta on saatavilla rajoitettu er\u00e4. Ylellinen ja monipuolinen E-vitamiini\u00e4 sis\u00e4lt\u00e4v\u00e4 hiusseerumi, joka&hellip;\" \/>\n<meta property=\"og:url\" content=\"https:\/\/kinnunen.kotisivut.co\/en\/product\/the-royal-tribute-hair-serum-50-ml\/\" \/>\n<meta property=\"og:site_name\" content=\"Kinnunen\" \/>\n<meta property=\"article:modified_time\" content=\"2025-12-12T13:17:10+00:00\" \/>\n<meta property=\"og:image\" content=\"https:\/\/kinnunen.kotisivut.co\/wp-content\/uploads\/2022\/08\/27462-Care-Klibansky-Royal-Tribute-Showbox-Comp-50ml-online-scaled.jpg\" \/>\n\t<meta property=\"og:image:width\" content=\"2560\" \/>\n\t<meta property=\"og:image:height\" content=\"2560\" \/>\n\t<meta property=\"og:image:type\" content=\"image\/jpeg\" \/>\n<meta name=\"twitter:card\" content=\"summary_large_image\" \/>\n<meta name=\"twitter:label1\" content=\"Estimated reading time\" \/>\n\t<meta name=\"twitter:data1\" content=\"1 minute\" \/>\n<script type=\"application\/ld+json\" class=\"yoast-schema-graph\">{\"@context\":\"https:\/\/schema.org\",\"@graph\":[{\"@type\":\"WebPage\",\"@id\":\"https:\/\/kinnunen.kotisivut.co\/tuote\/the-royal-tribute-hair-serum-50-ml\/\",\"url\":\"https:\/\/kinnunen.kotisivut.co\/tuote\/the-royal-tribute-hair-serum-50-ml\/\",\"name\":\"The Royal Tribute Hair Serum 50 ml - Kinnunen\",\"isPartOf\":{\"@id\":\"https:\/\/kinnunen.kotisivut.co\/#website\"},\"primaryImageOfPage\":{\"@id\":\"https:\/\/kinnunen.kotisivut.co\/tuote\/the-royal-tribute-hair-serum-50-ml\/#primaryimage\"},\"image\":{\"@id\":\"https:\/\/kinnunen.kotisivut.co\/tuote\/the-royal-tribute-hair-serum-50-ml\/#primaryimage\"},\"thumbnailUrl\":\"https:\/\/kinnunen.kotisivut.co\/wp-content\/uploads\/2022\/08\/27462-Care-Klibansky-Royal-Tribute-Showbox-Comp-50ml-online-scaled.jpg\",\"datePublished\":\"2022-08-30T06:12:04+00:00\",\"dateModified\":\"2025-12-12T13:17:10+00:00\",\"breadcrumb\":{\"@id\":\"https:\/\/kinnunen.kotisivut.co\/tuote\/the-royal-tribute-hair-serum-50-ml\/#breadcrumb\"},\"inLanguage\":\"en-GB\",\"potentialAction\":[{\"@type\":\"ReadAction\",\"target\":[\"https:\/\/kinnunen.kotisivut.co\/tuote\/the-royal-tribute-hair-serum-50-ml\/\"]}]},{\"@type\":\"ImageObject\",\"inLanguage\":\"en-GB\",\"@id\":\"https:\/\/kinnunen.kotisivut.co\/tuote\/the-royal-tribute-hair-serum-50-ml\/#primaryimage\",\"url\":\"https:\/\/kinnunen.kotisivut.co\/wp-content\/uploads\/2022\/08\/27462-Care-Klibansky-Royal-Tribute-Showbox-Comp-50ml-online-scaled.jpg\",\"contentUrl\":\"https:\/\/kinnunen.kotisivut.co\/wp-content\/uploads\/2022\/08\/27462-Care-Klibansky-Royal-Tribute-Showbox-Comp-50ml-online-scaled.jpg\",\"width\":2560,\"height\":2560},{\"@type\":\"BreadcrumbList\",\"@id\":\"https:\/\/kinnunen.kotisivut.co\/tuote\/the-royal-tribute-hair-serum-50-ml\/#breadcrumb\",\"itemListElement\":[{\"@type\":\"ListItem\",\"position\":1,\"name\":\"Etusivu\",\"item\":\"https:\/\/kinnunen.kotisivut.co\/\"},{\"@type\":\"ListItem\",\"position\":2,\"name\":\"Kaikki tuotteet\",\"item\":\"https:\/\/kinnunen.kotisivut.co\/kauppa\/\"},{\"@type\":\"ListItem\",\"position\":3,\"name\":\"Hiuskosmetiikka\",\"item\":\"https:\/\/kinnunen.kotisivut.co\/tuote-osasto\/hiuskosmetiikka\/\"},{\"@type\":\"ListItem\",\"position\":4,\"name\":\"The Royal Tribute Hair Serum 50 ml\"}]},{\"@type\":\"WebSite\",\"@id\":\"https:\/\/kinnunen.kotisivut.co\/#website\",\"url\":\"https:\/\/kinnunen.kotisivut.co\/\",\"name\":\"Kinnunen\",\"description\":\"\",\"potentialAction\":[{\"@type\":\"SearchAction\",\"target\":{\"@type\":\"EntryPoint\",\"urlTemplate\":\"https:\/\/kinnunen.kotisivut.co\/?s={search_term_string}\"},\"query-input\":\"required name=search_term_string\"}],\"inLanguage\":\"en-GB\"}]}<\/script>\n<!-- \/ Yoast SEO plugin. -->","yoast_head_json":{"title":"The Royal Tribute Hair Serum 50 ml - Kinnunen","robots":{"index":"noindex","follow":"follow","max-snippet":"max-snippet:-1","max-image-preview":"max-image-preview:large","max-video-preview":"max-video-preview:-1"},"og_locale":"en_GB","og_type":"article","og_title":"The Royal Tribute Hair Serum 50 ml - Kinnunen","og_description":"Limited edition tuote, jossa Joseph Klibanskyn suunnittelema kuosi. Tuotetta on saatavilla rajoitettu er\u00e4. Ylellinen ja monipuolinen E-vitamiini\u00e4 sis\u00e4lt\u00e4v\u00e4 hiusseerumi, joka&hellip;","og_url":"https:\/\/kinnunen.kotisivut.co\/en\/product\/the-royal-tribute-hair-serum-50-ml\/","og_site_name":"Kinnunen","article_modified_time":"2025-12-12T13:17:10+00:00","og_image":[{"width":2560,"height":2560,"url":"https:\/\/kinnunen.kotisivut.co\/wp-content\/uploads\/2022\/08\/27462-Care-Klibansky-Royal-Tribute-Showbox-Comp-50ml-online-scaled.jpg","type":"image\/jpeg"}],"twitter_card":"summary_large_image","twitter_misc":{"Estimated reading time":"1 minute"},"schema":{"@context":"https:\/\/schema.org","@graph":[{"@type":"WebPage","@id":"https:\/\/kinnunen.kotisivut.co\/tuote\/the-royal-tribute-hair-serum-50-ml\/","url":"https:\/\/kinnunen.kotisivut.co\/tuote\/the-royal-tribute-hair-serum-50-ml\/","name":"The Royal Tribute Hair Serum 50 ml - Kinnunen","isPartOf":{"@id":"https:\/\/kinnunen.kotisivut.co\/#website"},"primaryImageOfPage":{"@id":"https:\/\/kinnunen.kotisivut.co\/tuote\/the-royal-tribute-hair-serum-50-ml\/#primaryimage"},"image":{"@id":"https:\/\/kinnunen.kotisivut.co\/tuote\/the-royal-tribute-hair-serum-50-ml\/#primaryimage"},"thumbnailUrl":"https:\/\/kinnunen.kotisivut.co\/wp-content\/uploads\/2022\/08\/27462-Care-Klibansky-Royal-Tribute-Showbox-Comp-50ml-online-scaled.jpg","datePublished":"2022-08-30T06:12:04+00:00","dateModified":"2025-12-12T13:17:10+00:00","breadcrumb":{"@id":"https:\/\/kinnunen.kotisivut.co\/tuote\/the-royal-tribute-hair-serum-50-ml\/#breadcrumb"},"inLanguage":"en-GB","potentialAction":[{"@type":"ReadAction","target":["https:\/\/kinnunen.kotisivut.co\/tuote\/the-royal-tribute-hair-serum-50-ml\/"]}]},{"@type":"ImageObject","inLanguage":"en-GB","@id":"https:\/\/kinnunen.kotisivut.co\/tuote\/the-royal-tribute-hair-serum-50-ml\/#primaryimage","url":"https:\/\/kinnunen.kotisivut.co\/wp-content\/uploads\/2022\/08\/27462-Care-Klibansky-Royal-Tribute-Showbox-Comp-50ml-online-scaled.jpg","contentUrl":"https:\/\/kinnunen.kotisivut.co\/wp-content\/uploads\/2022\/08\/27462-Care-Klibansky-Royal-Tribute-Showbox-Comp-50ml-online-scaled.jpg","width":2560,"height":2560},{"@type":"BreadcrumbList","@id":"https:\/\/kinnunen.kotisivut.co\/tuote\/the-royal-tribute-hair-serum-50-ml\/#breadcrumb","itemListElement":[{"@type":"ListItem","position":1,"name":"Etusivu","item":"https:\/\/kinnunen.kotisivut.co\/"},{"@type":"ListItem","position":2,"name":"Kaikki tuotteet","item":"https:\/\/kinnunen.kotisivut.co\/kauppa\/"},{"@type":"ListItem","position":3,"name":"Hiuskosmetiikka","item":"https:\/\/kinnunen.kotisivut.co\/tuote-osasto\/hiuskosmetiikka\/"},{"@type":"ListItem","position":4,"name":"The Royal Tribute Hair Serum 50 ml"}]},{"@type":"WebSite","@id":"https:\/\/kinnunen.kotisivut.co\/#website","url":"https:\/\/kinnunen.kotisivut.co\/","name":"Kinnunen","description":"","potentialAction":[{"@type":"SearchAction","target":{"@type":"EntryPoint","urlTemplate":"https:\/\/kinnunen.kotisivut.co\/?s={search_term_string}"},"query-input":"required name=search_term_string"}],"inLanguage":"en-GB"}]}},"_links":{"self":[{"href":"https:\/\/kinnunen.kotisivut.co\/en\/wp-json\/wp\/v2\/product\/23309","targetHints":{"allow":["GET"]}}],"collection":[{"href":"https:\/\/kinnunen.kotisivut.co\/en\/wp-json\/wp\/v2\/product"}],"about":[{"href":"https:\/\/kinnunen.kotisivut.co\/en\/wp-json\/wp\/v2\/types\/product"}],"replies":[{"embeddable":true,"href":"https:\/\/kinnunen.kotisivut.co\/en\/wp-json\/wp\/v2\/comments?post=23309"}],"wp:featuredmedia":[{"embeddable":true,"href":"https:\/\/kinnunen.kotisivut.co\/en\/wp-json\/wp\/v2\/media\/25558"}],"wp:attachment":[{"href":"https:\/\/kinnunen.kotisivut.co\/en\/wp-json\/wp\/v2\/media?parent=23309"}],"wp:term":[{"taxonomy":"product_cat","embeddable":true,"href":"https:\/\/kinnunen.kotisivut.co\/en\/wp-json\/wp\/v2\/product_cat?post=23309"},{"taxonomy":"product_tag","embeddable":true,"href":"https:\/\/kinnunen.kotisivut.co\/en\/wp-json\/wp\/v2\/product_tag?post=23309"}],"curies":[{"name":"wp","href":"https:\/\/api.w.org\/{rel}","templated":true}]}}