

{"id":22659,"date":"2022-08-01T08:52:42","date_gmt":"2022-08-01T05:52:42","guid":{"rendered":"https:\/\/kinnunen.kotisivut.co\/?post_type=product&#038;p=22659"},"modified":"2025-12-04T15:36:42","modified_gmt":"2025-12-04T13:36:42","slug":"moyra-no-wipe-matte-top-gel-10ml","status":"publish","type":"product","link":"https:\/\/kinnunen.kotisivut.co\/en\/product\/moyra-no-wipe-matte-top-gel-10ml\/","title":{"rendered":"Moyra No-Wipe Matte Top Gel, 10ml"},"content":{"rendered":"<p>No Wipe Matte Top Gel is a matte UV\/LED cured top gel in a lacquer bottle. One coat of varnish is sufficient for a matte finish. This gel does not need to be wiped with Gel Cleanser after curing. Suitable for finishing gel, acrylic and gel varnishes. Cure with UV light for 2-3 min or with LED light for 30-40 sec.<\/p>","protected":false},"excerpt":{"rendered":"<p>No Wipe Matte Top Gel on mattainen UV\/LED kovetteinen p\u00e4\u00e4llisgeeli lakkapullossa. Yksi lakkakerros riitt\u00e4\u00e4 mattaiseen lopputulokseen. T\u00e4t\u00e4 geeli\u00e4 ei tarvitse&hellip;<\/p>","protected":false},"featured_media":22640,"comment_status":"closed","ping_status":"closed","template":"","meta":{"_relevanssi_hide_post":"","_relevanssi_pin_for_all":"","_relevanssi_pin_keywords":"","_relevanssi_unpin_keywords":"","_relevanssi_related_keywords":"","_relevanssi_related_include_ids":"","_relevanssi_related_exclude_ids":"","_relevanssi_related_no_append":"","_relevanssi_related_not_related":"","_relevanssi_related_posts":"","_relevanssi_noindex_reason":""},"product_cat":[1865,1878,1879],"product_tag":[],"class_list":["post-22659","product","type-product","status-publish","has-post-thumbnail","hentry","product_cat-kynnet-ja-kadet","product_cat-geeli-ja-akryylikynnet","product_cat-rakennegeelit","tuotemerkki-moyra"],"tuotemerkit":[{"term_id":1995,"name":"Moyra","slug":"moyra","term_group":0,"term_taxonomy_id":1995,"taxonomy":"tuotemerkki","description":"","parent":0,"count":58,"filter":"raw"}],"acf":[],"yoast_head":"<!-- This site is optimized with the Yoast SEO plugin v23.3 - https:\/\/yoast.com\/wordpress\/plugins\/seo\/ -->\n<title>Moyra No-Wipe Matte Top Gel, 10ml - Kinnunen<\/title>\n<meta name=\"robots\" content=\"noindex, follow, max-snippet:-1, max-image-preview:large, max-video-preview:-1\" \/>\n<meta property=\"og:locale\" content=\"en_GB\" \/>\n<meta property=\"og:type\" content=\"article\" \/>\n<meta property=\"og:title\" content=\"Moyra No-Wipe Matte Top Gel, 10ml - Kinnunen\" \/>\n<meta property=\"og:description\" content=\"No Wipe Matte Top Gel on mattainen UV\/LED kovetteinen p\u00e4\u00e4llisgeeli lakkapullossa. Yksi lakkakerros riitt\u00e4\u00e4 mattaiseen lopputulokseen. T\u00e4t\u00e4 geeli\u00e4 ei tarvitse&hellip;\" \/>\n<meta property=\"og:url\" content=\"https:\/\/kinnunen.kotisivut.co\/en\/product\/moyra-no-wipe-matte-top-gel-10ml\/\" \/>\n<meta property=\"og:site_name\" content=\"Kinnunen\" \/>\n<meta property=\"article:modified_time\" content=\"2025-12-04T13:36:42+00:00\" \/>\n<meta property=\"og:image\" content=\"https:\/\/kinnunen.kotisivut.co\/wp-content\/uploads\/2022\/07\/MNWMTG10_no_wipe.jpg\" \/>\n\t<meta property=\"og:image:width\" content=\"800\" \/>\n\t<meta property=\"og:image:height\" content=\"800\" \/>\n\t<meta property=\"og:image:type\" content=\"image\/jpeg\" \/>\n<meta name=\"twitter:card\" content=\"summary_large_image\" \/>\n<script type=\"application\/ld+json\" class=\"yoast-schema-graph\">{\"@context\":\"https:\/\/schema.org\",\"@graph\":[{\"@type\":\"WebPage\",\"@id\":\"https:\/\/kinnunen.kotisivut.co\/tuote\/moyra-no-wipe-matte-top-gel-10ml\/\",\"url\":\"https:\/\/kinnunen.kotisivut.co\/tuote\/moyra-no-wipe-matte-top-gel-10ml\/\",\"name\":\"Moyra No-Wipe Matte Top Gel, 10ml - Kinnunen\",\"isPartOf\":{\"@id\":\"https:\/\/kinnunen.kotisivut.co\/#website\"},\"primaryImageOfPage\":{\"@id\":\"https:\/\/kinnunen.kotisivut.co\/tuote\/moyra-no-wipe-matte-top-gel-10ml\/#primaryimage\"},\"image\":{\"@id\":\"https:\/\/kinnunen.kotisivut.co\/tuote\/moyra-no-wipe-matte-top-gel-10ml\/#primaryimage\"},\"thumbnailUrl\":\"https:\/\/kinnunen.kotisivut.co\/wp-content\/uploads\/2022\/07\/MNWMTG10_no_wipe.jpg\",\"datePublished\":\"2022-08-01T05:52:42+00:00\",\"dateModified\":\"2025-12-04T13:36:42+00:00\",\"breadcrumb\":{\"@id\":\"https:\/\/kinnunen.kotisivut.co\/tuote\/moyra-no-wipe-matte-top-gel-10ml\/#breadcrumb\"},\"inLanguage\":\"en-GB\",\"potentialAction\":[{\"@type\":\"ReadAction\",\"target\":[\"https:\/\/kinnunen.kotisivut.co\/tuote\/moyra-no-wipe-matte-top-gel-10ml\/\"]}]},{\"@type\":\"ImageObject\",\"inLanguage\":\"en-GB\",\"@id\":\"https:\/\/kinnunen.kotisivut.co\/tuote\/moyra-no-wipe-matte-top-gel-10ml\/#primaryimage\",\"url\":\"https:\/\/kinnunen.kotisivut.co\/wp-content\/uploads\/2022\/07\/MNWMTG10_no_wipe.jpg\",\"contentUrl\":\"https:\/\/kinnunen.kotisivut.co\/wp-content\/uploads\/2022\/07\/MNWMTG10_no_wipe.jpg\",\"width\":800,\"height\":800},{\"@type\":\"BreadcrumbList\",\"@id\":\"https:\/\/kinnunen.kotisivut.co\/tuote\/moyra-no-wipe-matte-top-gel-10ml\/#breadcrumb\",\"itemListElement\":[{\"@type\":\"ListItem\",\"position\":1,\"name\":\"Etusivu\",\"item\":\"https:\/\/kinnunen.kotisivut.co\/\"},{\"@type\":\"ListItem\",\"position\":2,\"name\":\"Kaikki tuotteet\",\"item\":\"https:\/\/kinnunen.kotisivut.co\/kauppa\/\"},{\"@type\":\"ListItem\",\"position\":3,\"name\":\"Kauneudenhoito\",\"item\":\"https:\/\/kinnunen.kotisivut.co\/tuote-osasto\/kauneudenhoito\/\"},{\"@type\":\"ListItem\",\"position\":4,\"name\":\"Kynnet ja k\u00e4det\",\"item\":\"https:\/\/kinnunen.kotisivut.co\/tuote-osasto\/kauneudenhoito\/kynnet-ja-kadet\/\"},{\"@type\":\"ListItem\",\"position\":5,\"name\":\"Moyra No-Wipe Matte Top Gel, 10ml\"}]},{\"@type\":\"WebSite\",\"@id\":\"https:\/\/kinnunen.kotisivut.co\/#website\",\"url\":\"https:\/\/kinnunen.kotisivut.co\/\",\"name\":\"Kinnunen\",\"description\":\"\",\"potentialAction\":[{\"@type\":\"SearchAction\",\"target\":{\"@type\":\"EntryPoint\",\"urlTemplate\":\"https:\/\/kinnunen.kotisivut.co\/?s={search_term_string}\"},\"query-input\":\"required name=search_term_string\"}],\"inLanguage\":\"en-GB\"}]}<\/script>\n<!-- \/ Yoast SEO plugin. -->","yoast_head_json":{"title":"Moyra No-Wipe Matte Top Gel, 10ml - Kinnunen","robots":{"index":"noindex","follow":"follow","max-snippet":"max-snippet:-1","max-image-preview":"max-image-preview:large","max-video-preview":"max-video-preview:-1"},"og_locale":"en_GB","og_type":"article","og_title":"Moyra No-Wipe Matte Top Gel, 10ml - Kinnunen","og_description":"No Wipe Matte Top Gel on mattainen UV\/LED kovetteinen p\u00e4\u00e4llisgeeli lakkapullossa. Yksi lakkakerros riitt\u00e4\u00e4 mattaiseen lopputulokseen. T\u00e4t\u00e4 geeli\u00e4 ei tarvitse&hellip;","og_url":"https:\/\/kinnunen.kotisivut.co\/en\/product\/moyra-no-wipe-matte-top-gel-10ml\/","og_site_name":"Kinnunen","article_modified_time":"2025-12-04T13:36:42+00:00","og_image":[{"width":800,"height":800,"url":"https:\/\/kinnunen.kotisivut.co\/wp-content\/uploads\/2022\/07\/MNWMTG10_no_wipe.jpg","type":"image\/jpeg"}],"twitter_card":"summary_large_image","schema":{"@context":"https:\/\/schema.org","@graph":[{"@type":"WebPage","@id":"https:\/\/kinnunen.kotisivut.co\/tuote\/moyra-no-wipe-matte-top-gel-10ml\/","url":"https:\/\/kinnunen.kotisivut.co\/tuote\/moyra-no-wipe-matte-top-gel-10ml\/","name":"Moyra No-Wipe Matte Top Gel, 10ml - Kinnunen","isPartOf":{"@id":"https:\/\/kinnunen.kotisivut.co\/#website"},"primaryImageOfPage":{"@id":"https:\/\/kinnunen.kotisivut.co\/tuote\/moyra-no-wipe-matte-top-gel-10ml\/#primaryimage"},"image":{"@id":"https:\/\/kinnunen.kotisivut.co\/tuote\/moyra-no-wipe-matte-top-gel-10ml\/#primaryimage"},"thumbnailUrl":"https:\/\/kinnunen.kotisivut.co\/wp-content\/uploads\/2022\/07\/MNWMTG10_no_wipe.jpg","datePublished":"2022-08-01T05:52:42+00:00","dateModified":"2025-12-04T13:36:42+00:00","breadcrumb":{"@id":"https:\/\/kinnunen.kotisivut.co\/tuote\/moyra-no-wipe-matte-top-gel-10ml\/#breadcrumb"},"inLanguage":"en-GB","potentialAction":[{"@type":"ReadAction","target":["https:\/\/kinnunen.kotisivut.co\/tuote\/moyra-no-wipe-matte-top-gel-10ml\/"]}]},{"@type":"ImageObject","inLanguage":"en-GB","@id":"https:\/\/kinnunen.kotisivut.co\/tuote\/moyra-no-wipe-matte-top-gel-10ml\/#primaryimage","url":"https:\/\/kinnunen.kotisivut.co\/wp-content\/uploads\/2022\/07\/MNWMTG10_no_wipe.jpg","contentUrl":"https:\/\/kinnunen.kotisivut.co\/wp-content\/uploads\/2022\/07\/MNWMTG10_no_wipe.jpg","width":800,"height":800},{"@type":"BreadcrumbList","@id":"https:\/\/kinnunen.kotisivut.co\/tuote\/moyra-no-wipe-matte-top-gel-10ml\/#breadcrumb","itemListElement":[{"@type":"ListItem","position":1,"name":"Etusivu","item":"https:\/\/kinnunen.kotisivut.co\/"},{"@type":"ListItem","position":2,"name":"Kaikki tuotteet","item":"https:\/\/kinnunen.kotisivut.co\/kauppa\/"},{"@type":"ListItem","position":3,"name":"Kauneudenhoito","item":"https:\/\/kinnunen.kotisivut.co\/tuote-osasto\/kauneudenhoito\/"},{"@type":"ListItem","position":4,"name":"Kynnet ja k\u00e4det","item":"https:\/\/kinnunen.kotisivut.co\/tuote-osasto\/kauneudenhoito\/kynnet-ja-kadet\/"},{"@type":"ListItem","position":5,"name":"Moyra No-Wipe Matte Top Gel, 10ml"}]},{"@type":"WebSite","@id":"https:\/\/kinnunen.kotisivut.co\/#website","url":"https:\/\/kinnunen.kotisivut.co\/","name":"Kinnunen","description":"","potentialAction":[{"@type":"SearchAction","target":{"@type":"EntryPoint","urlTemplate":"https:\/\/kinnunen.kotisivut.co\/?s={search_term_string}"},"query-input":"required name=search_term_string"}],"inLanguage":"en-GB"}]}},"_links":{"self":[{"href":"https:\/\/kinnunen.kotisivut.co\/en\/wp-json\/wp\/v2\/product\/22659","targetHints":{"allow":["GET"]}}],"collection":[{"href":"https:\/\/kinnunen.kotisivut.co\/en\/wp-json\/wp\/v2\/product"}],"about":[{"href":"https:\/\/kinnunen.kotisivut.co\/en\/wp-json\/wp\/v2\/types\/product"}],"replies":[{"embeddable":true,"href":"https:\/\/kinnunen.kotisivut.co\/en\/wp-json\/wp\/v2\/comments?post=22659"}],"wp:featuredmedia":[{"embeddable":true,"href":"https:\/\/kinnunen.kotisivut.co\/en\/wp-json\/wp\/v2\/media\/22640"}],"wp:attachment":[{"href":"https:\/\/kinnunen.kotisivut.co\/en\/wp-json\/wp\/v2\/media?parent=22659"}],"wp:term":[{"taxonomy":"product_cat","embeddable":true,"href":"https:\/\/kinnunen.kotisivut.co\/en\/wp-json\/wp\/v2\/product_cat?post=22659"},{"taxonomy":"product_tag","embeddable":true,"href":"https:\/\/kinnunen.kotisivut.co\/en\/wp-json\/wp\/v2\/product_tag?post=22659"}],"curies":[{"name":"wp","href":"https:\/\/api.w.org\/{rel}","templated":true}]}}