

{"id":22436,"date":"2022-06-17T13:52:24","date_gmt":"2022-06-17T10:52:24","guid":{"rendered":"https:\/\/kinnunen.kotisivut.co\/?post_type=product&#038;p=22436"},"modified":"2025-12-09T11:15:11","modified_gmt":"2025-12-09T09:15:11","slug":"gamma-e-t-c-light-silver","status":"publish","type":"product","link":"https:\/\/kinnunen.kotisivut.co\/en\/product\/gamma-e-t-c-light-silver\/","title":{"rendered":"Gamma+ E-T.C. Light, Silver"},"content":{"rendered":"<p>- Evolution Turbo Compressor Technology (E.T.C.) creates spiral air pressure and enhances the drying process. The airflow penetrates deeper into the hair and dries the hair very quickly.<br \/>\n- Tourmaline coated trim: Ionizing property to smooth hair and add shine.<br \/>\n- Air pressure produced by the unit: 34 mbar (1800W - 2100W)<br \/>\n- Noise level: 70 dB<br \/>\n- Weight 430 g<br \/>\n- 3 m long, sturdy cable<br \/>\n- Warranty 12 months (24 months for consumers)<\/p>","protected":false},"excerpt":{"rendered":"<p>&#8211; Evolution Turbo Compressor Technology (E.T.C.) luo spiraalimaisen ilmanpaineen ja tehostaa kuivumisprosessia. Ilmavirta p\u00e4\u00e4see syvemm\u00e4lle hiukseen ja kuivattaa hiukset eritt\u00e4in&hellip;<\/p>","protected":false},"featured_media":22437,"comment_status":"closed","ping_status":"closed","template":"","meta":{"_relevanssi_hide_post":"","_relevanssi_pin_for_all":"","_relevanssi_pin_keywords":"","_relevanssi_unpin_keywords":"","_relevanssi_related_keywords":"","_relevanssi_related_include_ids":"","_relevanssi_related_exclude_ids":"","_relevanssi_related_no_append":"","_relevanssi_related_not_related":"","_relevanssi_related_posts":"","_relevanssi_noindex_reason":""},"product_cat":[1774,1778],"product_tag":[],"class_list":["post-22436","product","type-product","status-publish","has-post-thumbnail","hentry","product_cat-koneet-ja-laitteet","product_cat-foonit","tuotemerkki-gamma"],"tuotemerkit":[{"term_id":2059,"name":"Gamma+","slug":"gamma","term_group":0,"term_taxonomy_id":2059,"taxonomy":"tuotemerkki","description":"","parent":0,"count":14,"filter":"raw"}],"acf":[],"yoast_head":"<!-- This site is optimized with the Yoast SEO plugin v23.3 - https:\/\/yoast.com\/wordpress\/plugins\/seo\/ -->\n<title>Gamma+ E-T.C. Light, Silver - Kinnunen<\/title>\n<meta name=\"robots\" content=\"noindex, follow, max-snippet:-1, max-image-preview:large, max-video-preview:-1\" \/>\n<meta property=\"og:locale\" content=\"en_GB\" \/>\n<meta property=\"og:type\" content=\"article\" \/>\n<meta property=\"og:title\" content=\"Gamma+ E-T.C. Light, Silver - Kinnunen\" \/>\n<meta property=\"og:description\" content=\"&#8211; Evolution Turbo Compressor Technology (E.T.C.) luo spiraalimaisen ilmanpaineen ja tehostaa kuivumisprosessia. Ilmavirta p\u00e4\u00e4see syvemm\u00e4lle hiukseen ja kuivattaa hiukset eritt\u00e4in&hellip;\" \/>\n<meta property=\"og:url\" content=\"https:\/\/kinnunen.kotisivut.co\/en\/product\/gamma-e-t-c-light-silver\/\" \/>\n<meta property=\"og:site_name\" content=\"Kinnunen\" \/>\n<meta property=\"article:modified_time\" content=\"2025-12-09T09:15:11+00:00\" \/>\n<meta property=\"og:image\" content=\"https:\/\/kinnunen.kotisivut.co\/wp-content\/uploads\/2022\/06\/gammaplusetclightsilver.jpg\" \/>\n\t<meta property=\"og:image:width\" content=\"1000\" \/>\n\t<meta property=\"og:image:height\" content=\"1000\" \/>\n\t<meta property=\"og:image:type\" content=\"image\/jpeg\" \/>\n<meta name=\"twitter:card\" content=\"summary_large_image\" \/>\n<meta name=\"twitter:label1\" content=\"Estimated reading time\" \/>\n\t<meta name=\"twitter:data1\" content=\"1 minute\" \/>\n<script type=\"application\/ld+json\" class=\"yoast-schema-graph\">{\"@context\":\"https:\/\/schema.org\",\"@graph\":[{\"@type\":\"WebPage\",\"@id\":\"https:\/\/kinnunen.kotisivut.co\/tuote\/gamma-e-t-c-light-silver\/\",\"url\":\"https:\/\/kinnunen.kotisivut.co\/tuote\/gamma-e-t-c-light-silver\/\",\"name\":\"Gamma+ E-T.C. Light, Silver - Kinnunen\",\"isPartOf\":{\"@id\":\"https:\/\/kinnunen.kotisivut.co\/#website\"},\"primaryImageOfPage\":{\"@id\":\"https:\/\/kinnunen.kotisivut.co\/tuote\/gamma-e-t-c-light-silver\/#primaryimage\"},\"image\":{\"@id\":\"https:\/\/kinnunen.kotisivut.co\/tuote\/gamma-e-t-c-light-silver\/#primaryimage\"},\"thumbnailUrl\":\"https:\/\/kinnunen.kotisivut.co\/wp-content\/uploads\/2022\/06\/gammaplusetclightsilver.jpg\",\"datePublished\":\"2022-06-17T10:52:24+00:00\",\"dateModified\":\"2025-12-09T09:15:11+00:00\",\"breadcrumb\":{\"@id\":\"https:\/\/kinnunen.kotisivut.co\/tuote\/gamma-e-t-c-light-silver\/#breadcrumb\"},\"inLanguage\":\"en-GB\",\"potentialAction\":[{\"@type\":\"ReadAction\",\"target\":[\"https:\/\/kinnunen.kotisivut.co\/tuote\/gamma-e-t-c-light-silver\/\"]}]},{\"@type\":\"ImageObject\",\"inLanguage\":\"en-GB\",\"@id\":\"https:\/\/kinnunen.kotisivut.co\/tuote\/gamma-e-t-c-light-silver\/#primaryimage\",\"url\":\"https:\/\/kinnunen.kotisivut.co\/wp-content\/uploads\/2022\/06\/gammaplusetclightsilver.jpg\",\"contentUrl\":\"https:\/\/kinnunen.kotisivut.co\/wp-content\/uploads\/2022\/06\/gammaplusetclightsilver.jpg\",\"width\":1000,\"height\":1000},{\"@type\":\"BreadcrumbList\",\"@id\":\"https:\/\/kinnunen.kotisivut.co\/tuote\/gamma-e-t-c-light-silver\/#breadcrumb\",\"itemListElement\":[{\"@type\":\"ListItem\",\"position\":1,\"name\":\"Etusivu\",\"item\":\"https:\/\/kinnunen.kotisivut.co\/\"},{\"@type\":\"ListItem\",\"position\":2,\"name\":\"Kaikki tuotteet\",\"item\":\"https:\/\/kinnunen.kotisivut.co\/kauppa\/\"},{\"@type\":\"ListItem\",\"position\":3,\"name\":\"Koneet ja s\u00e4hk\u00f6laitteet\",\"item\":\"https:\/\/kinnunen.kotisivut.co\/tuote-osasto\/koneet-ja-laitteet\/\"},{\"@type\":\"ListItem\",\"position\":4,\"name\":\"Gamma+ E-T.C. Light, Silver\"}]},{\"@type\":\"WebSite\",\"@id\":\"https:\/\/kinnunen.kotisivut.co\/#website\",\"url\":\"https:\/\/kinnunen.kotisivut.co\/\",\"name\":\"Kinnunen\",\"description\":\"\",\"potentialAction\":[{\"@type\":\"SearchAction\",\"target\":{\"@type\":\"EntryPoint\",\"urlTemplate\":\"https:\/\/kinnunen.kotisivut.co\/?s={search_term_string}\"},\"query-input\":\"required name=search_term_string\"}],\"inLanguage\":\"en-GB\"}]}<\/script>\n<!-- \/ Yoast SEO plugin. -->","yoast_head_json":{"title":"Gamma+ E-T.C. Light, Silver - Kinnunen","robots":{"index":"noindex","follow":"follow","max-snippet":"max-snippet:-1","max-image-preview":"max-image-preview:large","max-video-preview":"max-video-preview:-1"},"og_locale":"en_GB","og_type":"article","og_title":"Gamma+ E-T.C. Light, Silver - Kinnunen","og_description":"&#8211; Evolution Turbo Compressor Technology (E.T.C.) luo spiraalimaisen ilmanpaineen ja tehostaa kuivumisprosessia. Ilmavirta p\u00e4\u00e4see syvemm\u00e4lle hiukseen ja kuivattaa hiukset eritt\u00e4in&hellip;","og_url":"https:\/\/kinnunen.kotisivut.co\/en\/product\/gamma-e-t-c-light-silver\/","og_site_name":"Kinnunen","article_modified_time":"2025-12-09T09:15:11+00:00","og_image":[{"width":1000,"height":1000,"url":"https:\/\/kinnunen.kotisivut.co\/wp-content\/uploads\/2022\/06\/gammaplusetclightsilver.jpg","type":"image\/jpeg"}],"twitter_card":"summary_large_image","twitter_misc":{"Estimated reading time":"1 minute"},"schema":{"@context":"https:\/\/schema.org","@graph":[{"@type":"WebPage","@id":"https:\/\/kinnunen.kotisivut.co\/tuote\/gamma-e-t-c-light-silver\/","url":"https:\/\/kinnunen.kotisivut.co\/tuote\/gamma-e-t-c-light-silver\/","name":"Gamma+ E-T.C. Light, Silver - Kinnunen","isPartOf":{"@id":"https:\/\/kinnunen.kotisivut.co\/#website"},"primaryImageOfPage":{"@id":"https:\/\/kinnunen.kotisivut.co\/tuote\/gamma-e-t-c-light-silver\/#primaryimage"},"image":{"@id":"https:\/\/kinnunen.kotisivut.co\/tuote\/gamma-e-t-c-light-silver\/#primaryimage"},"thumbnailUrl":"https:\/\/kinnunen.kotisivut.co\/wp-content\/uploads\/2022\/06\/gammaplusetclightsilver.jpg","datePublished":"2022-06-17T10:52:24+00:00","dateModified":"2025-12-09T09:15:11+00:00","breadcrumb":{"@id":"https:\/\/kinnunen.kotisivut.co\/tuote\/gamma-e-t-c-light-silver\/#breadcrumb"},"inLanguage":"en-GB","potentialAction":[{"@type":"ReadAction","target":["https:\/\/kinnunen.kotisivut.co\/tuote\/gamma-e-t-c-light-silver\/"]}]},{"@type":"ImageObject","inLanguage":"en-GB","@id":"https:\/\/kinnunen.kotisivut.co\/tuote\/gamma-e-t-c-light-silver\/#primaryimage","url":"https:\/\/kinnunen.kotisivut.co\/wp-content\/uploads\/2022\/06\/gammaplusetclightsilver.jpg","contentUrl":"https:\/\/kinnunen.kotisivut.co\/wp-content\/uploads\/2022\/06\/gammaplusetclightsilver.jpg","width":1000,"height":1000},{"@type":"BreadcrumbList","@id":"https:\/\/kinnunen.kotisivut.co\/tuote\/gamma-e-t-c-light-silver\/#breadcrumb","itemListElement":[{"@type":"ListItem","position":1,"name":"Etusivu","item":"https:\/\/kinnunen.kotisivut.co\/"},{"@type":"ListItem","position":2,"name":"Kaikki tuotteet","item":"https:\/\/kinnunen.kotisivut.co\/kauppa\/"},{"@type":"ListItem","position":3,"name":"Koneet ja s\u00e4hk\u00f6laitteet","item":"https:\/\/kinnunen.kotisivut.co\/tuote-osasto\/koneet-ja-laitteet\/"},{"@type":"ListItem","position":4,"name":"Gamma+ E-T.C. Light, Silver"}]},{"@type":"WebSite","@id":"https:\/\/kinnunen.kotisivut.co\/#website","url":"https:\/\/kinnunen.kotisivut.co\/","name":"Kinnunen","description":"","potentialAction":[{"@type":"SearchAction","target":{"@type":"EntryPoint","urlTemplate":"https:\/\/kinnunen.kotisivut.co\/?s={search_term_string}"},"query-input":"required name=search_term_string"}],"inLanguage":"en-GB"}]}},"_links":{"self":[{"href":"https:\/\/kinnunen.kotisivut.co\/en\/wp-json\/wp\/v2\/product\/22436","targetHints":{"allow":["GET"]}}],"collection":[{"href":"https:\/\/kinnunen.kotisivut.co\/en\/wp-json\/wp\/v2\/product"}],"about":[{"href":"https:\/\/kinnunen.kotisivut.co\/en\/wp-json\/wp\/v2\/types\/product"}],"replies":[{"embeddable":true,"href":"https:\/\/kinnunen.kotisivut.co\/en\/wp-json\/wp\/v2\/comments?post=22436"}],"wp:featuredmedia":[{"embeddable":true,"href":"https:\/\/kinnunen.kotisivut.co\/en\/wp-json\/wp\/v2\/media\/22437"}],"wp:attachment":[{"href":"https:\/\/kinnunen.kotisivut.co\/en\/wp-json\/wp\/v2\/media?parent=22436"}],"wp:term":[{"taxonomy":"product_cat","embeddable":true,"href":"https:\/\/kinnunen.kotisivut.co\/en\/wp-json\/wp\/v2\/product_cat?post=22436"},{"taxonomy":"product_tag","embeddable":true,"href":"https:\/\/kinnunen.kotisivut.co\/en\/wp-json\/wp\/v2\/product_tag?post=22436"}],"curies":[{"name":"wp","href":"https:\/\/api.w.org\/{rel}","templated":true}]}}