

{"id":21133,"date":"2022-03-07T12:10:40","date_gmt":"2022-03-07T10:10:40","guid":{"rendered":"https:\/\/kinnunen.kotisivut.co\/?post_type=product&#038;p=21133"},"modified":"2025-08-25T14:23:53","modified_gmt":"2025-08-25T11:23:53","slug":"__trashed-1848__trashed","status":"publish","type":"product","link":"https:\/\/kinnunen.kotisivut.co\/en\/product\/__trashed-1848__trashed\/","title":{"rendered":"Moyra Nail Art Stickers, no.35"},"content":{"rendered":"<p>#With water soluble transfer film. For stunning colour saturated images, you can use the transfer, either partially on the nail surface or to cover the entire nail. There are five different styles to choose from.<\/p>\n<p>Instructions for use: cut out the pattern of your choice from the sheet and apply the pattern to the entire nail surface. If necessary, cut the nail even smaller. Note! the pattern must not go over the edges of the nail. Do not overcut the nail to the desired size, even if you do not want to overlap the pattern. Wait a moment until the cardboard becomes translucent. Carefully test with your fingers or tweezers to see if the pattern has already come off the backing paper. If necessary, add a little water. The pattern will come off very easily once it is wet enough. Do not stretch the pattern, as it will tear easily. Once the pattern has been removed, place it on the nail surface where you want it and smooth it evenly, e.g. with a flat nail brush. If necessary, press out the moisture with a lint-free cloth. Finally, finish with a top coat of your choice.<\/p>","protected":false},"excerpt":{"rendered":"<p>#Vedell\u00e4 liuotettava siirtokuva. Saat upeita v\u00e4rikyll\u00e4isi\u00e4 kuvia ja voit k\u00e4ytt\u00e4\u00e4 siirtokuvaa, joko osittain kynnen pinnalla tai peitt\u00e4m\u00e4\u00e4n koko kynnen. Valittavanasi&hellip;<\/p>","protected":false},"featured_media":21343,"comment_status":"open","ping_status":"closed","template":"","meta":{"_relevanssi_hide_post":"","_relevanssi_pin_for_all":"","_relevanssi_pin_keywords":"","_relevanssi_unpin_keywords":"","_relevanssi_related_keywords":"","_relevanssi_related_include_ids":"","_relevanssi_related_exclude_ids":"","_relevanssi_related_no_append":"","_relevanssi_related_not_related":"","_relevanssi_related_posts":"","_relevanssi_noindex_reason":""},"product_cat":[1865,1880],"product_tag":[],"class_list":["post-21133","product","type-product","status-publish","has-post-thumbnail","hentry","product_cat-kynnet-ja-kadet","product_cat-oheistarvikkeet","tuotemerkki-moyra"],"tuotemerkit":[{"term_id":1995,"name":"Moyra","slug":"moyra","term_group":0,"term_taxonomy_id":1995,"taxonomy":"tuotemerkki","description":"","parent":0,"count":58,"filter":"raw"}],"acf":[],"yoast_head":"<!-- This site is optimized with the Yoast SEO plugin v23.3 - https:\/\/yoast.com\/wordpress\/plugins\/seo\/ -->\n<title>Moyra Nail Art Stickers, no.35 - Kinnunen<\/title>\n<meta name=\"robots\" content=\"noindex, follow, max-snippet:-1, max-image-preview:large, max-video-preview:-1\" \/>\n<meta property=\"og:locale\" content=\"en_GB\" \/>\n<meta property=\"og:type\" content=\"article\" \/>\n<meta property=\"og:title\" content=\"Moyra Nail Art Stickers, no.35 - Kinnunen\" \/>\n<meta property=\"og:description\" content=\"#Vedell\u00e4 liuotettava siirtokuva. Saat upeita v\u00e4rikyll\u00e4isi\u00e4 kuvia ja voit k\u00e4ytt\u00e4\u00e4 siirtokuvaa, joko osittain kynnen pinnalla tai peitt\u00e4m\u00e4\u00e4n koko kynnen. Valittavanasi&hellip;\" \/>\n<meta property=\"og:url\" content=\"https:\/\/kinnunen.kotisivut.co\/en\/product\/__trashed-1848__trashed\/\" \/>\n<meta property=\"og:site_name\" content=\"Kinnunen\" \/>\n<meta property=\"article:modified_time\" content=\"2025-08-25T11:23:53+00:00\" \/>\n<meta property=\"og:image\" content=\"https:\/\/kinnunen.kotisivut.co\/wp-content\/uploads\/2022\/03\/MNAAS35.jpg\" \/>\n\t<meta property=\"og:image:width\" content=\"1000\" \/>\n\t<meta property=\"og:image:height\" content=\"1000\" \/>\n\t<meta property=\"og:image:type\" content=\"image\/jpeg\" \/>\n<meta name=\"twitter:card\" content=\"summary_large_image\" \/>\n<meta name=\"twitter:label1\" content=\"Estimated reading time\" \/>\n\t<meta name=\"twitter:data1\" content=\"1 minute\" \/>\n<script type=\"application\/ld+json\" class=\"yoast-schema-graph\">{\"@context\":\"https:\/\/schema.org\",\"@graph\":[{\"@type\":\"WebPage\",\"@id\":\"https:\/\/kinnunen.kotisivut.co\/tuote\/__trashed-1848__trashed\/\",\"url\":\"https:\/\/kinnunen.kotisivut.co\/tuote\/__trashed-1848__trashed\/\",\"name\":\"Moyra Nail Art Stickers, no.35 - Kinnunen\",\"isPartOf\":{\"@id\":\"https:\/\/kinnunen.kotisivut.co\/#website\"},\"primaryImageOfPage\":{\"@id\":\"https:\/\/kinnunen.kotisivut.co\/tuote\/__trashed-1848__trashed\/#primaryimage\"},\"image\":{\"@id\":\"https:\/\/kinnunen.kotisivut.co\/tuote\/__trashed-1848__trashed\/#primaryimage\"},\"thumbnailUrl\":\"https:\/\/kinnunen.kotisivut.co\/wp-content\/uploads\/2022\/03\/MNAAS35.jpg\",\"datePublished\":\"2022-03-07T10:10:40+00:00\",\"dateModified\":\"2025-08-25T11:23:53+00:00\",\"breadcrumb\":{\"@id\":\"https:\/\/kinnunen.kotisivut.co\/tuote\/__trashed-1848__trashed\/#breadcrumb\"},\"inLanguage\":\"en-GB\",\"potentialAction\":[{\"@type\":\"ReadAction\",\"target\":[\"https:\/\/kinnunen.kotisivut.co\/tuote\/__trashed-1848__trashed\/\"]}]},{\"@type\":\"ImageObject\",\"inLanguage\":\"en-GB\",\"@id\":\"https:\/\/kinnunen.kotisivut.co\/tuote\/__trashed-1848__trashed\/#primaryimage\",\"url\":\"https:\/\/kinnunen.kotisivut.co\/wp-content\/uploads\/2022\/03\/MNAAS35.jpg\",\"contentUrl\":\"https:\/\/kinnunen.kotisivut.co\/wp-content\/uploads\/2022\/03\/MNAAS35.jpg\",\"width\":1000,\"height\":1000},{\"@type\":\"BreadcrumbList\",\"@id\":\"https:\/\/kinnunen.kotisivut.co\/tuote\/__trashed-1848__trashed\/#breadcrumb\",\"itemListElement\":[{\"@type\":\"ListItem\",\"position\":1,\"name\":\"Etusivu\",\"item\":\"https:\/\/kinnunen.kotisivut.co\/\"},{\"@type\":\"ListItem\",\"position\":2,\"name\":\"Kaikki tuotteet\",\"item\":\"https:\/\/kinnunen.kotisivut.co\/kauppa\/\"},{\"@type\":\"ListItem\",\"position\":3,\"name\":\"Kauneudenhoito\",\"item\":\"https:\/\/kinnunen.kotisivut.co\/tuote-osasto\/kauneudenhoito\/\"},{\"@type\":\"ListItem\",\"position\":4,\"name\":\"Kynnet ja k\u00e4det\",\"item\":\"https:\/\/kinnunen.kotisivut.co\/tuote-osasto\/kauneudenhoito\/kynnet-ja-kadet\/\"},{\"@type\":\"ListItem\",\"position\":5,\"name\":\"Moyra Nail Art Stickers, no.35\"}]},{\"@type\":\"WebSite\",\"@id\":\"https:\/\/kinnunen.kotisivut.co\/#website\",\"url\":\"https:\/\/kinnunen.kotisivut.co\/\",\"name\":\"Kinnunen\",\"description\":\"\",\"potentialAction\":[{\"@type\":\"SearchAction\",\"target\":{\"@type\":\"EntryPoint\",\"urlTemplate\":\"https:\/\/kinnunen.kotisivut.co\/?s={search_term_string}\"},\"query-input\":\"required name=search_term_string\"}],\"inLanguage\":\"en-GB\"}]}<\/script>\n<!-- \/ Yoast SEO plugin. -->","yoast_head_json":{"title":"Moyra Nail Art Stickers, no.35 - Kinnunen","robots":{"index":"noindex","follow":"follow","max-snippet":"max-snippet:-1","max-image-preview":"max-image-preview:large","max-video-preview":"max-video-preview:-1"},"og_locale":"en_GB","og_type":"article","og_title":"Moyra Nail Art Stickers, no.35 - Kinnunen","og_description":"#Vedell\u00e4 liuotettava siirtokuva. Saat upeita v\u00e4rikyll\u00e4isi\u00e4 kuvia ja voit k\u00e4ytt\u00e4\u00e4 siirtokuvaa, joko osittain kynnen pinnalla tai peitt\u00e4m\u00e4\u00e4n koko kynnen. Valittavanasi&hellip;","og_url":"https:\/\/kinnunen.kotisivut.co\/en\/product\/__trashed-1848__trashed\/","og_site_name":"Kinnunen","article_modified_time":"2025-08-25T11:23:53+00:00","og_image":[{"width":1000,"height":1000,"url":"https:\/\/kinnunen.kotisivut.co\/wp-content\/uploads\/2022\/03\/MNAAS35.jpg","type":"image\/jpeg"}],"twitter_card":"summary_large_image","twitter_misc":{"Estimated reading time":"1 minute"},"schema":{"@context":"https:\/\/schema.org","@graph":[{"@type":"WebPage","@id":"https:\/\/kinnunen.kotisivut.co\/tuote\/__trashed-1848__trashed\/","url":"https:\/\/kinnunen.kotisivut.co\/tuote\/__trashed-1848__trashed\/","name":"Moyra Nail Art Stickers, no.35 - Kinnunen","isPartOf":{"@id":"https:\/\/kinnunen.kotisivut.co\/#website"},"primaryImageOfPage":{"@id":"https:\/\/kinnunen.kotisivut.co\/tuote\/__trashed-1848__trashed\/#primaryimage"},"image":{"@id":"https:\/\/kinnunen.kotisivut.co\/tuote\/__trashed-1848__trashed\/#primaryimage"},"thumbnailUrl":"https:\/\/kinnunen.kotisivut.co\/wp-content\/uploads\/2022\/03\/MNAAS35.jpg","datePublished":"2022-03-07T10:10:40+00:00","dateModified":"2025-08-25T11:23:53+00:00","breadcrumb":{"@id":"https:\/\/kinnunen.kotisivut.co\/tuote\/__trashed-1848__trashed\/#breadcrumb"},"inLanguage":"en-GB","potentialAction":[{"@type":"ReadAction","target":["https:\/\/kinnunen.kotisivut.co\/tuote\/__trashed-1848__trashed\/"]}]},{"@type":"ImageObject","inLanguage":"en-GB","@id":"https:\/\/kinnunen.kotisivut.co\/tuote\/__trashed-1848__trashed\/#primaryimage","url":"https:\/\/kinnunen.kotisivut.co\/wp-content\/uploads\/2022\/03\/MNAAS35.jpg","contentUrl":"https:\/\/kinnunen.kotisivut.co\/wp-content\/uploads\/2022\/03\/MNAAS35.jpg","width":1000,"height":1000},{"@type":"BreadcrumbList","@id":"https:\/\/kinnunen.kotisivut.co\/tuote\/__trashed-1848__trashed\/#breadcrumb","itemListElement":[{"@type":"ListItem","position":1,"name":"Etusivu","item":"https:\/\/kinnunen.kotisivut.co\/"},{"@type":"ListItem","position":2,"name":"Kaikki tuotteet","item":"https:\/\/kinnunen.kotisivut.co\/kauppa\/"},{"@type":"ListItem","position":3,"name":"Kauneudenhoito","item":"https:\/\/kinnunen.kotisivut.co\/tuote-osasto\/kauneudenhoito\/"},{"@type":"ListItem","position":4,"name":"Kynnet ja k\u00e4det","item":"https:\/\/kinnunen.kotisivut.co\/tuote-osasto\/kauneudenhoito\/kynnet-ja-kadet\/"},{"@type":"ListItem","position":5,"name":"Moyra Nail Art Stickers, no.35"}]},{"@type":"WebSite","@id":"https:\/\/kinnunen.kotisivut.co\/#website","url":"https:\/\/kinnunen.kotisivut.co\/","name":"Kinnunen","description":"","potentialAction":[{"@type":"SearchAction","target":{"@type":"EntryPoint","urlTemplate":"https:\/\/kinnunen.kotisivut.co\/?s={search_term_string}"},"query-input":"required name=search_term_string"}],"inLanguage":"en-GB"}]}},"_links":{"self":[{"href":"https:\/\/kinnunen.kotisivut.co\/en\/wp-json\/wp\/v2\/product\/21133","targetHints":{"allow":["GET"]}}],"collection":[{"href":"https:\/\/kinnunen.kotisivut.co\/en\/wp-json\/wp\/v2\/product"}],"about":[{"href":"https:\/\/kinnunen.kotisivut.co\/en\/wp-json\/wp\/v2\/types\/product"}],"replies":[{"embeddable":true,"href":"https:\/\/kinnunen.kotisivut.co\/en\/wp-json\/wp\/v2\/comments?post=21133"}],"wp:featuredmedia":[{"embeddable":true,"href":"https:\/\/kinnunen.kotisivut.co\/en\/wp-json\/wp\/v2\/media\/21343"}],"wp:attachment":[{"href":"https:\/\/kinnunen.kotisivut.co\/en\/wp-json\/wp\/v2\/media?parent=21133"}],"wp:term":[{"taxonomy":"product_cat","embeddable":true,"href":"https:\/\/kinnunen.kotisivut.co\/en\/wp-json\/wp\/v2\/product_cat?post=21133"},{"taxonomy":"product_tag","embeddable":true,"href":"https:\/\/kinnunen.kotisivut.co\/en\/wp-json\/wp\/v2\/product_tag?post=21133"}],"curies":[{"name":"wp","href":"https:\/\/api.w.org\/{rel}","templated":true}]}}