

{"id":21082,"date":"2022-03-07T12:10:22","date_gmt":"2022-03-07T10:10:22","guid":{"rendered":"https:\/\/kinnunen.kotisivut.co\/?post_type=product&#038;p=21082"},"modified":"2025-12-10T10:55:18","modified_gmt":"2025-12-10T08:55:18","slug":"moyra-cuticle-oil-15ml-raspberry-pink","status":"publish","type":"product","link":"https:\/\/kinnunen.kotisivut.co\/en\/product\/moyra-cuticle-oil-15ml-raspberry-pink\/","title":{"rendered":"Moyra Cuticle Oil 15ml, Raspberry Pink"},"content":{"rendered":"<p>#A cuticle oil that moisturizes and nourishes dry cuticles. Regular use keeps nails flexible and strong. The oil is quickly absorbed by the cuticles. Use this product to finish structural nails, manicure or gel polish. Packed in a hygienic pipette bottle. Also suitable as a home care product.<\/p>","protected":false},"excerpt":{"rendered":"<p>#Kynsinauha\u00f6ljy, joka kosteuttaa ja hoitaa kuivia kynsinauhoja. S\u00e4\u00e4nn\u00f6llinen k\u00e4ytt\u00f6 pit\u00e4\u00e4 kynnet joustavana ja vahvana. \u00d6ljy imeytyy nopeasti kynsinauhoille. T\u00e4ll\u00e4 tuotteella&hellip;<\/p>","protected":false},"featured_media":21207,"comment_status":"open","ping_status":"closed","template":"","meta":{"_relevanssi_hide_post":"","_relevanssi_pin_for_all":"","_relevanssi_pin_keywords":"","_relevanssi_unpin_keywords":"","_relevanssi_related_keywords":"","_relevanssi_related_include_ids":"","_relevanssi_related_exclude_ids":"","_relevanssi_related_no_append":"","_relevanssi_related_not_related":"","_relevanssi_related_posts":"","_relevanssi_noindex_reason":""},"product_cat":[1865,1892],"product_tag":[],"class_list":["post-21082","product","type-product","status-publish","has-post-thumbnail","hentry","product_cat-kynnet-ja-kadet","product_cat-kynsienhoitotuotteet","tuotemerkki-moyra"],"tuotemerkit":[{"term_id":1995,"name":"Moyra","slug":"moyra","term_group":0,"term_taxonomy_id":1995,"taxonomy":"tuotemerkki","description":"","parent":0,"count":58,"filter":"raw"}],"acf":[],"yoast_head":"<!-- This site is optimized with the Yoast SEO plugin v23.3 - https:\/\/yoast.com\/wordpress\/plugins\/seo\/ -->\n<title>Moyra Cuticle Oil 15ml, Raspberry Pink - Kinnunen<\/title>\n<meta name=\"robots\" content=\"noindex, follow, max-snippet:-1, max-image-preview:large, max-video-preview:-1\" \/>\n<meta property=\"og:locale\" content=\"en_GB\" \/>\n<meta property=\"og:type\" content=\"article\" \/>\n<meta property=\"og:title\" content=\"Moyra Cuticle Oil 15ml, Raspberry Pink - Kinnunen\" \/>\n<meta property=\"og:description\" content=\"#Kynsinauha\u00f6ljy, joka kosteuttaa ja hoitaa kuivia kynsinauhoja. S\u00e4\u00e4nn\u00f6llinen k\u00e4ytt\u00f6 pit\u00e4\u00e4 kynnet joustavana ja vahvana. \u00d6ljy imeytyy nopeasti kynsinauhoille. T\u00e4ll\u00e4 tuotteella&hellip;\" \/>\n<meta property=\"og:url\" content=\"https:\/\/kinnunen.kotisivut.co\/en\/product\/moyra-cuticle-oil-15ml-raspberry-pink\/\" \/>\n<meta property=\"og:site_name\" content=\"Kinnunen\" \/>\n<meta property=\"article:modified_time\" content=\"2025-12-10T08:55:18+00:00\" \/>\n<meta property=\"og:image\" content=\"https:\/\/kinnunen.kotisivut.co\/wp-content\/uploads\/2022\/03\/M1-01-51-51-0006_Cuticle-Oil-Raspberry-pink-600x600-1.png\" \/>\n\t<meta property=\"og:image:width\" content=\"600\" \/>\n\t<meta property=\"og:image:height\" content=\"600\" \/>\n\t<meta property=\"og:image:type\" content=\"image\/png\" \/>\n<meta name=\"twitter:card\" content=\"summary_large_image\" \/>\n<script type=\"application\/ld+json\" class=\"yoast-schema-graph\">{\"@context\":\"https:\/\/schema.org\",\"@graph\":[{\"@type\":\"WebPage\",\"@id\":\"https:\/\/kinnunen.kotisivut.co\/tuote\/moyra-cuticle-oil-15ml-raspberry-pink\/\",\"url\":\"https:\/\/kinnunen.kotisivut.co\/tuote\/moyra-cuticle-oil-15ml-raspberry-pink\/\",\"name\":\"Moyra Cuticle Oil 15ml, Raspberry Pink - Kinnunen\",\"isPartOf\":{\"@id\":\"https:\/\/kinnunen.kotisivut.co\/#website\"},\"primaryImageOfPage\":{\"@id\":\"https:\/\/kinnunen.kotisivut.co\/tuote\/moyra-cuticle-oil-15ml-raspberry-pink\/#primaryimage\"},\"image\":{\"@id\":\"https:\/\/kinnunen.kotisivut.co\/tuote\/moyra-cuticle-oil-15ml-raspberry-pink\/#primaryimage\"},\"thumbnailUrl\":\"https:\/\/kinnunen.kotisivut.co\/wp-content\/uploads\/2022\/03\/M1-01-51-51-0006_Cuticle-Oil-Raspberry-pink-600x600-1.png\",\"datePublished\":\"2022-03-07T10:10:22+00:00\",\"dateModified\":\"2025-12-10T08:55:18+00:00\",\"breadcrumb\":{\"@id\":\"https:\/\/kinnunen.kotisivut.co\/tuote\/moyra-cuticle-oil-15ml-raspberry-pink\/#breadcrumb\"},\"inLanguage\":\"en-GB\",\"potentialAction\":[{\"@type\":\"ReadAction\",\"target\":[\"https:\/\/kinnunen.kotisivut.co\/tuote\/moyra-cuticle-oil-15ml-raspberry-pink\/\"]}]},{\"@type\":\"ImageObject\",\"inLanguage\":\"en-GB\",\"@id\":\"https:\/\/kinnunen.kotisivut.co\/tuote\/moyra-cuticle-oil-15ml-raspberry-pink\/#primaryimage\",\"url\":\"https:\/\/kinnunen.kotisivut.co\/wp-content\/uploads\/2022\/03\/M1-01-51-51-0006_Cuticle-Oil-Raspberry-pink-600x600-1.png\",\"contentUrl\":\"https:\/\/kinnunen.kotisivut.co\/wp-content\/uploads\/2022\/03\/M1-01-51-51-0006_Cuticle-Oil-Raspberry-pink-600x600-1.png\",\"width\":600,\"height\":600},{\"@type\":\"BreadcrumbList\",\"@id\":\"https:\/\/kinnunen.kotisivut.co\/tuote\/moyra-cuticle-oil-15ml-raspberry-pink\/#breadcrumb\",\"itemListElement\":[{\"@type\":\"ListItem\",\"position\":1,\"name\":\"Etusivu\",\"item\":\"https:\/\/kinnunen.kotisivut.co\/\"},{\"@type\":\"ListItem\",\"position\":2,\"name\":\"Kaikki tuotteet\",\"item\":\"https:\/\/kinnunen.kotisivut.co\/kauppa\/\"},{\"@type\":\"ListItem\",\"position\":3,\"name\":\"Kauneudenhoito\",\"item\":\"https:\/\/kinnunen.kotisivut.co\/tuote-osasto\/kauneudenhoito\/\"},{\"@type\":\"ListItem\",\"position\":4,\"name\":\"Kynnet ja k\u00e4det\",\"item\":\"https:\/\/kinnunen.kotisivut.co\/tuote-osasto\/kauneudenhoito\/kynnet-ja-kadet\/\"},{\"@type\":\"ListItem\",\"position\":5,\"name\":\"Moyra Cuticle Oil 15ml, Raspberry Pink\"}]},{\"@type\":\"WebSite\",\"@id\":\"https:\/\/kinnunen.kotisivut.co\/#website\",\"url\":\"https:\/\/kinnunen.kotisivut.co\/\",\"name\":\"Kinnunen\",\"description\":\"\",\"potentialAction\":[{\"@type\":\"SearchAction\",\"target\":{\"@type\":\"EntryPoint\",\"urlTemplate\":\"https:\/\/kinnunen.kotisivut.co\/?s={search_term_string}\"},\"query-input\":\"required name=search_term_string\"}],\"inLanguage\":\"en-GB\"}]}<\/script>\n<!-- \/ Yoast SEO plugin. -->","yoast_head_json":{"title":"Moyra Cuticle Oil 15ml, Raspberry Pink - Kinnunen","robots":{"index":"noindex","follow":"follow","max-snippet":"max-snippet:-1","max-image-preview":"max-image-preview:large","max-video-preview":"max-video-preview:-1"},"og_locale":"en_GB","og_type":"article","og_title":"Moyra Cuticle Oil 15ml, Raspberry Pink - Kinnunen","og_description":"#Kynsinauha\u00f6ljy, joka kosteuttaa ja hoitaa kuivia kynsinauhoja. S\u00e4\u00e4nn\u00f6llinen k\u00e4ytt\u00f6 pit\u00e4\u00e4 kynnet joustavana ja vahvana. \u00d6ljy imeytyy nopeasti kynsinauhoille. T\u00e4ll\u00e4 tuotteella&hellip;","og_url":"https:\/\/kinnunen.kotisivut.co\/en\/product\/moyra-cuticle-oil-15ml-raspberry-pink\/","og_site_name":"Kinnunen","article_modified_time":"2025-12-10T08:55:18+00:00","og_image":[{"width":600,"height":600,"url":"https:\/\/kinnunen.kotisivut.co\/wp-content\/uploads\/2022\/03\/M1-01-51-51-0006_Cuticle-Oil-Raspberry-pink-600x600-1.png","type":"image\/png"}],"twitter_card":"summary_large_image","schema":{"@context":"https:\/\/schema.org","@graph":[{"@type":"WebPage","@id":"https:\/\/kinnunen.kotisivut.co\/tuote\/moyra-cuticle-oil-15ml-raspberry-pink\/","url":"https:\/\/kinnunen.kotisivut.co\/tuote\/moyra-cuticle-oil-15ml-raspberry-pink\/","name":"Moyra Cuticle Oil 15ml, Raspberry Pink - Kinnunen","isPartOf":{"@id":"https:\/\/kinnunen.kotisivut.co\/#website"},"primaryImageOfPage":{"@id":"https:\/\/kinnunen.kotisivut.co\/tuote\/moyra-cuticle-oil-15ml-raspberry-pink\/#primaryimage"},"image":{"@id":"https:\/\/kinnunen.kotisivut.co\/tuote\/moyra-cuticle-oil-15ml-raspberry-pink\/#primaryimage"},"thumbnailUrl":"https:\/\/kinnunen.kotisivut.co\/wp-content\/uploads\/2022\/03\/M1-01-51-51-0006_Cuticle-Oil-Raspberry-pink-600x600-1.png","datePublished":"2022-03-07T10:10:22+00:00","dateModified":"2025-12-10T08:55:18+00:00","breadcrumb":{"@id":"https:\/\/kinnunen.kotisivut.co\/tuote\/moyra-cuticle-oil-15ml-raspberry-pink\/#breadcrumb"},"inLanguage":"en-GB","potentialAction":[{"@type":"ReadAction","target":["https:\/\/kinnunen.kotisivut.co\/tuote\/moyra-cuticle-oil-15ml-raspberry-pink\/"]}]},{"@type":"ImageObject","inLanguage":"en-GB","@id":"https:\/\/kinnunen.kotisivut.co\/tuote\/moyra-cuticle-oil-15ml-raspberry-pink\/#primaryimage","url":"https:\/\/kinnunen.kotisivut.co\/wp-content\/uploads\/2022\/03\/M1-01-51-51-0006_Cuticle-Oil-Raspberry-pink-600x600-1.png","contentUrl":"https:\/\/kinnunen.kotisivut.co\/wp-content\/uploads\/2022\/03\/M1-01-51-51-0006_Cuticle-Oil-Raspberry-pink-600x600-1.png","width":600,"height":600},{"@type":"BreadcrumbList","@id":"https:\/\/kinnunen.kotisivut.co\/tuote\/moyra-cuticle-oil-15ml-raspberry-pink\/#breadcrumb","itemListElement":[{"@type":"ListItem","position":1,"name":"Etusivu","item":"https:\/\/kinnunen.kotisivut.co\/"},{"@type":"ListItem","position":2,"name":"Kaikki tuotteet","item":"https:\/\/kinnunen.kotisivut.co\/kauppa\/"},{"@type":"ListItem","position":3,"name":"Kauneudenhoito","item":"https:\/\/kinnunen.kotisivut.co\/tuote-osasto\/kauneudenhoito\/"},{"@type":"ListItem","position":4,"name":"Kynnet ja k\u00e4det","item":"https:\/\/kinnunen.kotisivut.co\/tuote-osasto\/kauneudenhoito\/kynnet-ja-kadet\/"},{"@type":"ListItem","position":5,"name":"Moyra Cuticle Oil 15ml, Raspberry Pink"}]},{"@type":"WebSite","@id":"https:\/\/kinnunen.kotisivut.co\/#website","url":"https:\/\/kinnunen.kotisivut.co\/","name":"Kinnunen","description":"","potentialAction":[{"@type":"SearchAction","target":{"@type":"EntryPoint","urlTemplate":"https:\/\/kinnunen.kotisivut.co\/?s={search_term_string}"},"query-input":"required name=search_term_string"}],"inLanguage":"en-GB"}]}},"_links":{"self":[{"href":"https:\/\/kinnunen.kotisivut.co\/en\/wp-json\/wp\/v2\/product\/21082","targetHints":{"allow":["GET"]}}],"collection":[{"href":"https:\/\/kinnunen.kotisivut.co\/en\/wp-json\/wp\/v2\/product"}],"about":[{"href":"https:\/\/kinnunen.kotisivut.co\/en\/wp-json\/wp\/v2\/types\/product"}],"replies":[{"embeddable":true,"href":"https:\/\/kinnunen.kotisivut.co\/en\/wp-json\/wp\/v2\/comments?post=21082"}],"wp:featuredmedia":[{"embeddable":true,"href":"https:\/\/kinnunen.kotisivut.co\/en\/wp-json\/wp\/v2\/media\/21207"}],"wp:attachment":[{"href":"https:\/\/kinnunen.kotisivut.co\/en\/wp-json\/wp\/v2\/media?parent=21082"}],"wp:term":[{"taxonomy":"product_cat","embeddable":true,"href":"https:\/\/kinnunen.kotisivut.co\/en\/wp-json\/wp\/v2\/product_cat?post=21082"},{"taxonomy":"product_tag","embeddable":true,"href":"https:\/\/kinnunen.kotisivut.co\/en\/wp-json\/wp\/v2\/product_tag?post=21082"}],"curies":[{"name":"wp","href":"https:\/\/api.w.org\/{rel}","templated":true}]}}