

{"id":13031,"date":"2021-11-04T09:37:50","date_gmt":"2021-11-04T07:37:50","guid":{"rendered":"https:\/\/kinnunen.kotisivut.co-r.seravo.com\/tuote\/simply-natural-teippipidennyskoulutus\/"},"modified":"2025-11-07T10:14:35","modified_gmt":"2025-11-07T08:14:35","slug":"simply-natural-teippipidennyskoulutus","status":"publish","type":"product","link":"https:\/\/kinnunen.kotisivut.co\/en\/product\/simply-natural-teippipidennyskoulutus\/","title":{"rendered":"Simply Natural Tape extension training"},"content":{"rendered":"<p>In this intensive training, you will learn how to make a correct tape technique fixation. You will get new inspiration for your everyday work and tips on how to use tape extensions for different projects. Those who complete the training will receive a diploma.<br \/>\nThe theoretical part goes through the manufacturing process of Simply Natural hair, as well as all the things to consider about the correct attachment technique, removal, care and maintenance. In the workshop, the model will undergo a single package blow-dry.<\/p>\n<p>For training, you need your own template. The model's hair will be charged separately according to the wholesale price list.<br \/>\nPlease also bring your own tools, such as scissors, brushes, combs and clips.<\/p>\n<p>Schedule: 9:00 - 17:00<br \/>\n(9:00 - 12:30 theory and demo, 12:30 - 13:00 lunch, 13:00 - 17:00 workshop and summary)<\/p>\n<p>Price: 199\u20ac + VAT.<\/p>\n<p><span>Unless otherwise stated, the training will take place in our stores.<\/span><\/p>","protected":false},"excerpt":{"rendered":"<p>Intensiivisess\u00e4 koulutuksessa opit tekem\u00e4\u00e4n oikeaoppisen teippitekniikkakiinnityksen. Saat uudenlaista inspiraatiota jokap\u00e4iv\u00e4iseen ty\u00f6skentelyysi ja vinkkej\u00e4, kuinka k\u00e4ytt\u00e4\u00e4 teippipidennyksi\u00e4 erilaisiin kokonaisuuksiin. Koulutuksen k\u00e4yneet&hellip;<\/p>","protected":false},"featured_media":23050,"comment_status":"closed","ping_status":"closed","template":"","meta":{"_relevanssi_hide_post":"","_relevanssi_pin_for_all":"","_relevanssi_pin_keywords":"","_relevanssi_unpin_keywords":"","_relevanssi_related_keywords":"","_relevanssi_related_include_ids":"","_relevanssi_related_exclude_ids":"","_relevanssi_related_no_append":"","_relevanssi_related_not_related":"","_relevanssi_related_posts":"","_relevanssi_noindex_reason":""},"product_cat":[1992],"product_tag":[],"class_list":["post-13031","product","type-product","status-publish","has-post-thumbnail","hentry","product_cat-koulutukset"],"tuotemerkit":[],"acf":[],"yoast_head":"<!-- This site is optimized with the Yoast SEO plugin v23.3 - https:\/\/yoast.com\/wordpress\/plugins\/seo\/ -->\n<title>Simply Natural | Teippipidennyskoulutus | Kinnunen Oy<\/title>\n<meta name=\"robots\" content=\"noindex, follow, max-snippet:-1, max-image-preview:large, max-video-preview:-1\" \/>\n<meta property=\"og:locale\" content=\"en_GB\" \/>\n<meta property=\"og:type\" content=\"article\" \/>\n<meta property=\"og:title\" content=\"Simply Natural | Teippipidennyskoulutus | Kinnunen Oy\" \/>\n<meta property=\"og:description\" content=\"Intensiivisess\u00e4 koulutuksessa opit tekem\u00e4\u00e4n oikeaoppisen teippitekniikkakiinnityksen. Saat uudenlaista inspiraatiota jokap\u00e4iv\u00e4iseen ty\u00f6skentelyysi ja vinkkej\u00e4, kuinka k\u00e4ytt\u00e4\u00e4 teippipidennyksi\u00e4 erilaisiin kokonaisuuksiin. Koulutuksen k\u00e4yneet&hellip;\" \/>\n<meta property=\"og:url\" content=\"https:\/\/kinnunen.kotisivut.co\/en\/product\/simply-natural-teippipidennyskoulutus\/\" \/>\n<meta property=\"og:site_name\" content=\"Kinnunen\" \/>\n<meta property=\"article:modified_time\" content=\"2025-11-07T08:14:35+00:00\" \/>\n<meta property=\"og:image\" content=\"https:\/\/kinnunen.kotisivut.co\/wp-content\/uploads\/2022\/08\/Dualweft2.jpg\" \/>\n\t<meta property=\"og:image:width\" content=\"1000\" \/>\n\t<meta property=\"og:image:height\" content=\"1000\" \/>\n\t<meta property=\"og:image:type\" content=\"image\/jpeg\" \/>\n<meta name=\"twitter:card\" content=\"summary_large_image\" \/>\n<meta name=\"twitter:label1\" content=\"Estimated reading time\" \/>\n\t<meta name=\"twitter:data1\" content=\"1 minute\" \/>\n<script type=\"application\/ld+json\" class=\"yoast-schema-graph\">{\"@context\":\"https:\/\/schema.org\",\"@graph\":[{\"@type\":\"WebPage\",\"@id\":\"https:\/\/kinnunen.kotisivut.co\/tuote\/simply-natural-teippipidennyskoulutus\/\",\"url\":\"https:\/\/kinnunen.kotisivut.co\/tuote\/simply-natural-teippipidennyskoulutus\/\",\"name\":\"Simply Natural | Teippipidennyskoulutus | Kinnunen Oy\",\"isPartOf\":{\"@id\":\"https:\/\/kinnunen.kotisivut.co\/#website\"},\"primaryImageOfPage\":{\"@id\":\"https:\/\/kinnunen.kotisivut.co\/tuote\/simply-natural-teippipidennyskoulutus\/#primaryimage\"},\"image\":{\"@id\":\"https:\/\/kinnunen.kotisivut.co\/tuote\/simply-natural-teippipidennyskoulutus\/#primaryimage\"},\"thumbnailUrl\":\"https:\/\/kinnunen.kotisivut.co\/wp-content\/uploads\/2022\/08\/Dualweft2.jpg\",\"datePublished\":\"2021-11-04T07:37:50+00:00\",\"dateModified\":\"2025-11-07T08:14:35+00:00\",\"breadcrumb\":{\"@id\":\"https:\/\/kinnunen.kotisivut.co\/tuote\/simply-natural-teippipidennyskoulutus\/#breadcrumb\"},\"inLanguage\":\"en-GB\",\"potentialAction\":[{\"@type\":\"ReadAction\",\"target\":[\"https:\/\/kinnunen.kotisivut.co\/tuote\/simply-natural-teippipidennyskoulutus\/\"]}]},{\"@type\":\"ImageObject\",\"inLanguage\":\"en-GB\",\"@id\":\"https:\/\/kinnunen.kotisivut.co\/tuote\/simply-natural-teippipidennyskoulutus\/#primaryimage\",\"url\":\"https:\/\/kinnunen.kotisivut.co\/wp-content\/uploads\/2022\/08\/Dualweft2.jpg\",\"contentUrl\":\"https:\/\/kinnunen.kotisivut.co\/wp-content\/uploads\/2022\/08\/Dualweft2.jpg\",\"width\":1000,\"height\":1000},{\"@type\":\"BreadcrumbList\",\"@id\":\"https:\/\/kinnunen.kotisivut.co\/tuote\/simply-natural-teippipidennyskoulutus\/#breadcrumb\",\"itemListElement\":[{\"@type\":\"ListItem\",\"position\":1,\"name\":\"Etusivu\",\"item\":\"https:\/\/kinnunen.kotisivut.co\/\"},{\"@type\":\"ListItem\",\"position\":2,\"name\":\"Kaikki tuotteet\",\"item\":\"https:\/\/kinnunen.kotisivut.co\/kauppa\/\"},{\"@type\":\"ListItem\",\"position\":3,\"name\":\"Koulutukset\",\"item\":\"https:\/\/kinnunen.kotisivut.co\/tuote-osasto\/koulutukset\/\"},{\"@type\":\"ListItem\",\"position\":4,\"name\":\"Simply Natural Teippipidennyskoulutus\"}]},{\"@type\":\"WebSite\",\"@id\":\"https:\/\/kinnunen.kotisivut.co\/#website\",\"url\":\"https:\/\/kinnunen.kotisivut.co\/\",\"name\":\"Kinnunen\",\"description\":\"\",\"potentialAction\":[{\"@type\":\"SearchAction\",\"target\":{\"@type\":\"EntryPoint\",\"urlTemplate\":\"https:\/\/kinnunen.kotisivut.co\/?s={search_term_string}\"},\"query-input\":\"required name=search_term_string\"}],\"inLanguage\":\"en-GB\"}]}<\/script>\n<!-- \/ Yoast SEO plugin. -->","yoast_head_json":{"title":"Simply Natural | Teippipidennyskoulutus | Kinnunen Oy","robots":{"index":"noindex","follow":"follow","max-snippet":"max-snippet:-1","max-image-preview":"max-image-preview:large","max-video-preview":"max-video-preview:-1"},"og_locale":"en_GB","og_type":"article","og_title":"Simply Natural | Teippipidennyskoulutus | Kinnunen Oy","og_description":"Intensiivisess\u00e4 koulutuksessa opit tekem\u00e4\u00e4n oikeaoppisen teippitekniikkakiinnityksen. Saat uudenlaista inspiraatiota jokap\u00e4iv\u00e4iseen ty\u00f6skentelyysi ja vinkkej\u00e4, kuinka k\u00e4ytt\u00e4\u00e4 teippipidennyksi\u00e4 erilaisiin kokonaisuuksiin. Koulutuksen k\u00e4yneet&hellip;","og_url":"https:\/\/kinnunen.kotisivut.co\/en\/product\/simply-natural-teippipidennyskoulutus\/","og_site_name":"Kinnunen","article_modified_time":"2025-11-07T08:14:35+00:00","og_image":[{"width":1000,"height":1000,"url":"https:\/\/kinnunen.kotisivut.co\/wp-content\/uploads\/2022\/08\/Dualweft2.jpg","type":"image\/jpeg"}],"twitter_card":"summary_large_image","twitter_misc":{"Estimated reading time":"1 minute"},"schema":{"@context":"https:\/\/schema.org","@graph":[{"@type":"WebPage","@id":"https:\/\/kinnunen.kotisivut.co\/tuote\/simply-natural-teippipidennyskoulutus\/","url":"https:\/\/kinnunen.kotisivut.co\/tuote\/simply-natural-teippipidennyskoulutus\/","name":"Simply Natural | Teippipidennyskoulutus | Kinnunen Oy","isPartOf":{"@id":"https:\/\/kinnunen.kotisivut.co\/#website"},"primaryImageOfPage":{"@id":"https:\/\/kinnunen.kotisivut.co\/tuote\/simply-natural-teippipidennyskoulutus\/#primaryimage"},"image":{"@id":"https:\/\/kinnunen.kotisivut.co\/tuote\/simply-natural-teippipidennyskoulutus\/#primaryimage"},"thumbnailUrl":"https:\/\/kinnunen.kotisivut.co\/wp-content\/uploads\/2022\/08\/Dualweft2.jpg","datePublished":"2021-11-04T07:37:50+00:00","dateModified":"2025-11-07T08:14:35+00:00","breadcrumb":{"@id":"https:\/\/kinnunen.kotisivut.co\/tuote\/simply-natural-teippipidennyskoulutus\/#breadcrumb"},"inLanguage":"en-GB","potentialAction":[{"@type":"ReadAction","target":["https:\/\/kinnunen.kotisivut.co\/tuote\/simply-natural-teippipidennyskoulutus\/"]}]},{"@type":"ImageObject","inLanguage":"en-GB","@id":"https:\/\/kinnunen.kotisivut.co\/tuote\/simply-natural-teippipidennyskoulutus\/#primaryimage","url":"https:\/\/kinnunen.kotisivut.co\/wp-content\/uploads\/2022\/08\/Dualweft2.jpg","contentUrl":"https:\/\/kinnunen.kotisivut.co\/wp-content\/uploads\/2022\/08\/Dualweft2.jpg","width":1000,"height":1000},{"@type":"BreadcrumbList","@id":"https:\/\/kinnunen.kotisivut.co\/tuote\/simply-natural-teippipidennyskoulutus\/#breadcrumb","itemListElement":[{"@type":"ListItem","position":1,"name":"Etusivu","item":"https:\/\/kinnunen.kotisivut.co\/"},{"@type":"ListItem","position":2,"name":"Kaikki tuotteet","item":"https:\/\/kinnunen.kotisivut.co\/kauppa\/"},{"@type":"ListItem","position":3,"name":"Koulutukset","item":"https:\/\/kinnunen.kotisivut.co\/tuote-osasto\/koulutukset\/"},{"@type":"ListItem","position":4,"name":"Simply Natural Teippipidennyskoulutus"}]},{"@type":"WebSite","@id":"https:\/\/kinnunen.kotisivut.co\/#website","url":"https:\/\/kinnunen.kotisivut.co\/","name":"Kinnunen","description":"","potentialAction":[{"@type":"SearchAction","target":{"@type":"EntryPoint","urlTemplate":"https:\/\/kinnunen.kotisivut.co\/?s={search_term_string}"},"query-input":"required name=search_term_string"}],"inLanguage":"en-GB"}]}},"_links":{"self":[{"href":"https:\/\/kinnunen.kotisivut.co\/en\/wp-json\/wp\/v2\/product\/13031","targetHints":{"allow":["GET"]}}],"collection":[{"href":"https:\/\/kinnunen.kotisivut.co\/en\/wp-json\/wp\/v2\/product"}],"about":[{"href":"https:\/\/kinnunen.kotisivut.co\/en\/wp-json\/wp\/v2\/types\/product"}],"replies":[{"embeddable":true,"href":"https:\/\/kinnunen.kotisivut.co\/en\/wp-json\/wp\/v2\/comments?post=13031"}],"wp:featuredmedia":[{"embeddable":true,"href":"https:\/\/kinnunen.kotisivut.co\/en\/wp-json\/wp\/v2\/media\/23050"}],"wp:attachment":[{"href":"https:\/\/kinnunen.kotisivut.co\/en\/wp-json\/wp\/v2\/media?parent=13031"}],"wp:term":[{"taxonomy":"product_cat","embeddable":true,"href":"https:\/\/kinnunen.kotisivut.co\/en\/wp-json\/wp\/v2\/product_cat?post=13031"},{"taxonomy":"product_tag","embeddable":true,"href":"https:\/\/kinnunen.kotisivut.co\/en\/wp-json\/wp\/v2\/product_tag?post=13031"}],"curies":[{"name":"wp","href":"https:\/\/api.w.org\/{rel}","templated":true}]}}