

{"id":12193,"date":"2021-10-29T13:57:04","date_gmt":"2021-10-29T10:57:04","guid":{"rendered":"https:\/\/kinnunen.kotisivut.co-r.seravo.com\/tuote\/profiline-kulmavarit\/"},"modified":"2025-12-12T09:31:52","modified_gmt":"2025-12-12T07:31:52","slug":"profiline-kulmavarit","status":"publish","type":"product","link":"https:\/\/kinnunen.kotisivut.co\/en\/product\/profiline-kulmavarit\/","title":{"rendered":"Profiline eyebrow colour"},"content":{"rendered":"<p>German eyebrow tint. The direct pigment-free permanent colours are easy to use, easy to apply and have a mild fragrance. Package size 15 ml.<\/p>","protected":false},"excerpt":{"rendered":"<p>German eyebrow tint. The direct pigment-free permanent colours are easy to use, easy to apply and have a mild fragrance. Package size 15 ml.<\/p>","protected":false},"featured_media":13394,"comment_status":"closed","ping_status":"closed","template":"","meta":{"_relevanssi_hide_post":"","_relevanssi_pin_for_all":"","_relevanssi_pin_keywords":"","_relevanssi_unpin_keywords":"","_relevanssi_related_keywords":"","_relevanssi_related_include_ids":"","_relevanssi_related_exclude_ids":"","_relevanssi_related_no_append":"","_relevanssi_related_not_related":"","_relevanssi_related_posts":"","_relevanssi_noindex_reason":""},"product_cat":[1852,1854],"product_tag":[],"class_list":["post-12193","product","type-product","status-publish","has-post-thumbnail","hentry","product_cat-ripset-ja-kulmat","product_cat-kestovarjays","pa_vari-harmaa","pa_vari-musta","pa_vari-ruskea","pa_vari-sinimusta","pa_vari-vaaleanrusekea","tuotemerkki-profiline"],"tuotemerkit":[{"term_id":318,"name":"Profiline","slug":"profiline","term_group":0,"term_taxonomy_id":318,"taxonomy":"tuotemerkki","description":"","parent":0,"count":5,"filter":"raw"}],"acf":[],"yoast_head":"<!-- This site is optimized with the Yoast SEO plugin v23.3 - https:\/\/yoast.com\/wordpress\/plugins\/seo\/ -->\n<title>Kestov\u00e4rit ripsien ja kulmien v\u00e4rj\u00e4ykseen | Profiline | Kinnunen oy<\/title>\n<meta name=\"description\" content=\"Profilinen ripsien ja kulmien kestov\u00e4rit ammattik\u00e4ytt\u00f6\u00f6n. Saatavilla useita eri v\u00e4rej\u00e4!\" \/>\n<meta name=\"robots\" content=\"noindex, follow, max-snippet:-1, max-image-preview:large, max-video-preview:-1\" \/>\n<meta property=\"og:locale\" content=\"en_GB\" \/>\n<meta property=\"og:type\" content=\"article\" \/>\n<meta property=\"og:title\" content=\"Kestov\u00e4rit ripsien ja kulmien v\u00e4rj\u00e4ykseen | Profiline | Kinnunen oy\" \/>\n<meta property=\"og:description\" content=\"Profilinen ripsien ja kulmien kestov\u00e4rit ammattik\u00e4ytt\u00f6\u00f6n. Saatavilla useita eri v\u00e4rej\u00e4!\" \/>\n<meta property=\"og:url\" content=\"https:\/\/kinnunen.kotisivut.co\/en\/product\/profiline-kulmavarit\/\" \/>\n<meta property=\"og:site_name\" content=\"Kinnunen\" \/>\n<meta property=\"article:modified_time\" content=\"2025-12-12T07:31:52+00:00\" \/>\n<meta property=\"og:image\" content=\"https:\/\/kinnunen.kotisivut.co\/wp-content\/uploads\/2021\/10\/6500.jpg\" \/>\n\t<meta property=\"og:image:width\" content=\"1000\" \/>\n\t<meta property=\"og:image:height\" content=\"1000\" \/>\n\t<meta property=\"og:image:type\" content=\"image\/jpeg\" \/>\n<meta name=\"twitter:card\" content=\"summary_large_image\" \/>\n<script type=\"application\/ld+json\" class=\"yoast-schema-graph\">{\"@context\":\"https:\/\/schema.org\",\"@graph\":[{\"@type\":\"WebPage\",\"@id\":\"https:\/\/kinnunen.kotisivut.co\/tuote\/profiline-kulmavarit\/\",\"url\":\"https:\/\/kinnunen.kotisivut.co\/tuote\/profiline-kulmavarit\/\",\"name\":\"Kestov\u00e4rit ripsien ja kulmien v\u00e4rj\u00e4ykseen | Profiline | Kinnunen oy\",\"isPartOf\":{\"@id\":\"https:\/\/kinnunen.kotisivut.co\/#website\"},\"primaryImageOfPage\":{\"@id\":\"https:\/\/kinnunen.kotisivut.co\/tuote\/profiline-kulmavarit\/#primaryimage\"},\"image\":{\"@id\":\"https:\/\/kinnunen.kotisivut.co\/tuote\/profiline-kulmavarit\/#primaryimage\"},\"thumbnailUrl\":\"https:\/\/kinnunen.kotisivut.co\/wp-content\/uploads\/2021\/10\/6500.jpg\",\"datePublished\":\"2021-10-29T10:57:04+00:00\",\"dateModified\":\"2025-12-12T07:31:52+00:00\",\"description\":\"Profilinen ripsien ja kulmien kestov\u00e4rit ammattik\u00e4ytt\u00f6\u00f6n. Saatavilla useita eri v\u00e4rej\u00e4!\",\"breadcrumb\":{\"@id\":\"https:\/\/kinnunen.kotisivut.co\/tuote\/profiline-kulmavarit\/#breadcrumb\"},\"inLanguage\":\"en-GB\",\"potentialAction\":[{\"@type\":\"ReadAction\",\"target\":[\"https:\/\/kinnunen.kotisivut.co\/tuote\/profiline-kulmavarit\/\"]}]},{\"@type\":\"ImageObject\",\"inLanguage\":\"en-GB\",\"@id\":\"https:\/\/kinnunen.kotisivut.co\/tuote\/profiline-kulmavarit\/#primaryimage\",\"url\":\"https:\/\/kinnunen.kotisivut.co\/wp-content\/uploads\/2021\/10\/6500.jpg\",\"contentUrl\":\"https:\/\/kinnunen.kotisivut.co\/wp-content\/uploads\/2021\/10\/6500.jpg\",\"width\":1000,\"height\":1000},{\"@type\":\"BreadcrumbList\",\"@id\":\"https:\/\/kinnunen.kotisivut.co\/tuote\/profiline-kulmavarit\/#breadcrumb\",\"itemListElement\":[{\"@type\":\"ListItem\",\"position\":1,\"name\":\"Etusivu\",\"item\":\"https:\/\/kinnunen.kotisivut.co\/\"},{\"@type\":\"ListItem\",\"position\":2,\"name\":\"Kaikki tuotteet\",\"item\":\"https:\/\/kinnunen.kotisivut.co\/kauppa\/\"},{\"@type\":\"ListItem\",\"position\":3,\"name\":\"Kauneudenhoito\",\"item\":\"https:\/\/kinnunen.kotisivut.co\/tuote-osasto\/kauneudenhoito\/\"},{\"@type\":\"ListItem\",\"position\":4,\"name\":\"Ripset ja kulmat\",\"item\":\"https:\/\/kinnunen.kotisivut.co\/tuote-osasto\/kauneudenhoito\/ripset-ja-kulmat\/\"},{\"@type\":\"ListItem\",\"position\":5,\"name\":\"Profiline kulmav\u00e4rit\"}]},{\"@type\":\"WebSite\",\"@id\":\"https:\/\/kinnunen.kotisivut.co\/#website\",\"url\":\"https:\/\/kinnunen.kotisivut.co\/\",\"name\":\"Kinnunen\",\"description\":\"\",\"potentialAction\":[{\"@type\":\"SearchAction\",\"target\":{\"@type\":\"EntryPoint\",\"urlTemplate\":\"https:\/\/kinnunen.kotisivut.co\/?s={search_term_string}\"},\"query-input\":\"required name=search_term_string\"}],\"inLanguage\":\"en-GB\"}]}<\/script>\n<!-- \/ Yoast SEO plugin. -->","yoast_head_json":{"title":"Kestov\u00e4rit ripsien ja kulmien v\u00e4rj\u00e4ykseen | Profiline | Kinnunen oy","description":"Profilinen ripsien ja kulmien kestov\u00e4rit ammattik\u00e4ytt\u00f6\u00f6n. Saatavilla useita eri v\u00e4rej\u00e4!","robots":{"index":"noindex","follow":"follow","max-snippet":"max-snippet:-1","max-image-preview":"max-image-preview:large","max-video-preview":"max-video-preview:-1"},"og_locale":"en_GB","og_type":"article","og_title":"Kestov\u00e4rit ripsien ja kulmien v\u00e4rj\u00e4ykseen | Profiline | Kinnunen oy","og_description":"Profilinen ripsien ja kulmien kestov\u00e4rit ammattik\u00e4ytt\u00f6\u00f6n. Saatavilla useita eri v\u00e4rej\u00e4!","og_url":"https:\/\/kinnunen.kotisivut.co\/en\/product\/profiline-kulmavarit\/","og_site_name":"Kinnunen","article_modified_time":"2025-12-12T07:31:52+00:00","og_image":[{"width":1000,"height":1000,"url":"https:\/\/kinnunen.kotisivut.co\/wp-content\/uploads\/2021\/10\/6500.jpg","type":"image\/jpeg"}],"twitter_card":"summary_large_image","schema":{"@context":"https:\/\/schema.org","@graph":[{"@type":"WebPage","@id":"https:\/\/kinnunen.kotisivut.co\/tuote\/profiline-kulmavarit\/","url":"https:\/\/kinnunen.kotisivut.co\/tuote\/profiline-kulmavarit\/","name":"Kestov\u00e4rit ripsien ja kulmien v\u00e4rj\u00e4ykseen | Profiline | Kinnunen oy","isPartOf":{"@id":"https:\/\/kinnunen.kotisivut.co\/#website"},"primaryImageOfPage":{"@id":"https:\/\/kinnunen.kotisivut.co\/tuote\/profiline-kulmavarit\/#primaryimage"},"image":{"@id":"https:\/\/kinnunen.kotisivut.co\/tuote\/profiline-kulmavarit\/#primaryimage"},"thumbnailUrl":"https:\/\/kinnunen.kotisivut.co\/wp-content\/uploads\/2021\/10\/6500.jpg","datePublished":"2021-10-29T10:57:04+00:00","dateModified":"2025-12-12T07:31:52+00:00","description":"Profilinen ripsien ja kulmien kestov\u00e4rit ammattik\u00e4ytt\u00f6\u00f6n. Saatavilla useita eri v\u00e4rej\u00e4!","breadcrumb":{"@id":"https:\/\/kinnunen.kotisivut.co\/tuote\/profiline-kulmavarit\/#breadcrumb"},"inLanguage":"en-GB","potentialAction":[{"@type":"ReadAction","target":["https:\/\/kinnunen.kotisivut.co\/tuote\/profiline-kulmavarit\/"]}]},{"@type":"ImageObject","inLanguage":"en-GB","@id":"https:\/\/kinnunen.kotisivut.co\/tuote\/profiline-kulmavarit\/#primaryimage","url":"https:\/\/kinnunen.kotisivut.co\/wp-content\/uploads\/2021\/10\/6500.jpg","contentUrl":"https:\/\/kinnunen.kotisivut.co\/wp-content\/uploads\/2021\/10\/6500.jpg","width":1000,"height":1000},{"@type":"BreadcrumbList","@id":"https:\/\/kinnunen.kotisivut.co\/tuote\/profiline-kulmavarit\/#breadcrumb","itemListElement":[{"@type":"ListItem","position":1,"name":"Etusivu","item":"https:\/\/kinnunen.kotisivut.co\/"},{"@type":"ListItem","position":2,"name":"Kaikki tuotteet","item":"https:\/\/kinnunen.kotisivut.co\/kauppa\/"},{"@type":"ListItem","position":3,"name":"Kauneudenhoito","item":"https:\/\/kinnunen.kotisivut.co\/tuote-osasto\/kauneudenhoito\/"},{"@type":"ListItem","position":4,"name":"Ripset ja kulmat","item":"https:\/\/kinnunen.kotisivut.co\/tuote-osasto\/kauneudenhoito\/ripset-ja-kulmat\/"},{"@type":"ListItem","position":5,"name":"Profiline kulmav\u00e4rit"}]},{"@type":"WebSite","@id":"https:\/\/kinnunen.kotisivut.co\/#website","url":"https:\/\/kinnunen.kotisivut.co\/","name":"Kinnunen","description":"","potentialAction":[{"@type":"SearchAction","target":{"@type":"EntryPoint","urlTemplate":"https:\/\/kinnunen.kotisivut.co\/?s={search_term_string}"},"query-input":"required name=search_term_string"}],"inLanguage":"en-GB"}]}},"_links":{"self":[{"href":"https:\/\/kinnunen.kotisivut.co\/en\/wp-json\/wp\/v2\/product\/12193","targetHints":{"allow":["GET"]}}],"collection":[{"href":"https:\/\/kinnunen.kotisivut.co\/en\/wp-json\/wp\/v2\/product"}],"about":[{"href":"https:\/\/kinnunen.kotisivut.co\/en\/wp-json\/wp\/v2\/types\/product"}],"replies":[{"embeddable":true,"href":"https:\/\/kinnunen.kotisivut.co\/en\/wp-json\/wp\/v2\/comments?post=12193"}],"wp:featuredmedia":[{"embeddable":true,"href":"https:\/\/kinnunen.kotisivut.co\/en\/wp-json\/wp\/v2\/media\/13394"}],"wp:attachment":[{"href":"https:\/\/kinnunen.kotisivut.co\/en\/wp-json\/wp\/v2\/media?parent=12193"}],"wp:term":[{"taxonomy":"product_cat","embeddable":true,"href":"https:\/\/kinnunen.kotisivut.co\/en\/wp-json\/wp\/v2\/product_cat?post=12193"},{"taxonomy":"product_tag","embeddable":true,"href":"https:\/\/kinnunen.kotisivut.co\/en\/wp-json\/wp\/v2\/product_tag?post=12193"}],"curies":[{"name":"wp","href":"https:\/\/api.w.org\/{rel}","templated":true}]}}