

{"id":12014,"date":"2021-10-29T13:55:01","date_gmt":"2021-10-29T10:55:01","guid":{"rendered":"https:\/\/kinnunen.kotisivut.co-r.seravo.com\/tuote\/tarrarullat\/"},"modified":"2025-12-12T14:02:10","modified_gmt":"2025-12-12T12:02:10","slug":"tarrarullat","status":"publish","type":"product","link":"https:\/\/kinnunen.kotisivut.co\/en\/product\/tarrarullat\/","title":{"rendered":"Sticker rolls, different sizes"},"content":{"rendered":"<p>The easy-to-use sticky rollers stay in place with their adhesive coating, and are particularly suitable for short and medium-length hair. The sticky rollers create lovely curly hairstyles easily and gently. Sticky rollers make it easy to vary the size and texture of your curls. Use large rollers for big curls or waves and small rollers for tighter curls.<\/p>","protected":false},"excerpt":{"rendered":"<p>Helppok\u00e4ytt\u00f6iset tarrarullat pysyv\u00e4t hiuksissa tarrapintansa avulla, ne sopivat erityisen hyvin lyhyille ja puolipitkille hiuksille. Tarrarullat luot ihanat kiharakampaukset helposti ja&hellip;<\/p>","protected":false},"featured_media":13782,"comment_status":"closed","ping_status":"closed","template":"","meta":{"_relevanssi_hide_post":"","_relevanssi_pin_for_all":"","_relevanssi_pin_keywords":"","_relevanssi_unpin_keywords":"","_relevanssi_related_keywords":"","_relevanssi_related_include_ids":"","_relevanssi_related_exclude_ids":"","_relevanssi_related_no_append":"","_relevanssi_related_not_related":"","_relevanssi_related_posts":"","_relevanssi_noindex_reason":""},"product_cat":[1762,1822,1947],"product_tag":[],"class_list":["post-12014","product","type-product","status-publish","has-post-thumbnail","hentry","product_cat-tarvikkeet","product_cat-kampaustarvikkeet","product_cat-kampausrullat","pa_koko-13-mm","pa_koko-16-mm","pa_koko-20-mm","pa_koko-24-mm","pa_koko-28-mm","pa_koko-32-mm","pa_koko-36-mm","pa_koko-40-mm","pa_koko-44-mm","pa_koko-48-mm","pa_koko-56-mm","pa_koko-66-mm","pa_koko-80-mm"],"tuotemerkit":[],"acf":[],"yoast_head":"<!-- This site is optimized with the Yoast SEO plugin v23.3 - https:\/\/yoast.com\/wordpress\/plugins\/seo\/ -->\n<title>Kampaustarvikkeet | Tarrarullat | Kinnunen Oy<\/title>\n<meta name=\"robots\" content=\"noindex, follow, max-snippet:-1, max-image-preview:large, max-video-preview:-1\" \/>\n<meta property=\"og:locale\" content=\"en_GB\" \/>\n<meta property=\"og:type\" content=\"article\" \/>\n<meta property=\"og:title\" content=\"Kampaustarvikkeet | Tarrarullat | Kinnunen Oy\" \/>\n<meta property=\"og:description\" content=\"Helppok\u00e4ytt\u00f6iset tarrarullat pysyv\u00e4t hiuksissa tarrapintansa avulla, ne sopivat erityisen hyvin lyhyille ja puolipitkille hiuksille. Tarrarullat luot ihanat kiharakampaukset helposti ja&hellip;\" \/>\n<meta property=\"og:url\" content=\"https:\/\/kinnunen.kotisivut.co\/en\/product\/tarrarullat\/\" \/>\n<meta property=\"og:site_name\" content=\"Kinnunen\" \/>\n<meta property=\"article:modified_time\" content=\"2025-12-12T12:02:10+00:00\" \/>\n<meta property=\"og:image\" content=\"https:\/\/kinnunen.kotisivut.co\/wp-content\/uploads\/2021\/10\/41120_32.jpg\" \/>\n\t<meta property=\"og:image:width\" content=\"1000\" \/>\n\t<meta property=\"og:image:height\" content=\"1000\" \/>\n\t<meta property=\"og:image:type\" content=\"image\/jpeg\" \/>\n<meta name=\"twitter:card\" content=\"summary_large_image\" \/>\n<script type=\"application\/ld+json\" class=\"yoast-schema-graph\">{\"@context\":\"https:\/\/schema.org\",\"@graph\":[{\"@type\":\"WebPage\",\"@id\":\"https:\/\/kinnunen.kotisivut.co\/tuote\/tarrarullat\/\",\"url\":\"https:\/\/kinnunen.kotisivut.co\/tuote\/tarrarullat\/\",\"name\":\"Kampaustarvikkeet | Tarrarullat | Kinnunen Oy\",\"isPartOf\":{\"@id\":\"https:\/\/kinnunen.kotisivut.co\/#website\"},\"primaryImageOfPage\":{\"@id\":\"https:\/\/kinnunen.kotisivut.co\/tuote\/tarrarullat\/#primaryimage\"},\"image\":{\"@id\":\"https:\/\/kinnunen.kotisivut.co\/tuote\/tarrarullat\/#primaryimage\"},\"thumbnailUrl\":\"https:\/\/kinnunen.kotisivut.co\/wp-content\/uploads\/2021\/10\/41120_32.jpg\",\"datePublished\":\"2021-10-29T10:55:01+00:00\",\"dateModified\":\"2025-12-12T12:02:10+00:00\",\"breadcrumb\":{\"@id\":\"https:\/\/kinnunen.kotisivut.co\/tuote\/tarrarullat\/#breadcrumb\"},\"inLanguage\":\"en-GB\",\"potentialAction\":[{\"@type\":\"ReadAction\",\"target\":[\"https:\/\/kinnunen.kotisivut.co\/tuote\/tarrarullat\/\"]}]},{\"@type\":\"ImageObject\",\"inLanguage\":\"en-GB\",\"@id\":\"https:\/\/kinnunen.kotisivut.co\/tuote\/tarrarullat\/#primaryimage\",\"url\":\"https:\/\/kinnunen.kotisivut.co\/wp-content\/uploads\/2021\/10\/41120_32.jpg\",\"contentUrl\":\"https:\/\/kinnunen.kotisivut.co\/wp-content\/uploads\/2021\/10\/41120_32.jpg\",\"width\":1000,\"height\":1000},{\"@type\":\"BreadcrumbList\",\"@id\":\"https:\/\/kinnunen.kotisivut.co\/tuote\/tarrarullat\/#breadcrumb\",\"itemListElement\":[{\"@type\":\"ListItem\",\"position\":1,\"name\":\"Etusivu\",\"item\":\"https:\/\/kinnunen.kotisivut.co\/\"},{\"@type\":\"ListItem\",\"position\":2,\"name\":\"Kaikki tuotteet\",\"item\":\"https:\/\/kinnunen.kotisivut.co\/kauppa\/\"},{\"@type\":\"ListItem\",\"position\":3,\"name\":\"Tarvikkeet\",\"item\":\"https:\/\/kinnunen.kotisivut.co\/tuote-osasto\/tarvikkeet\/\"},{\"@type\":\"ListItem\",\"position\":4,\"name\":\"Kampaustarvikkeet\",\"item\":\"https:\/\/kinnunen.kotisivut.co\/tuote-osasto\/tarvikkeet\/kampaustarvikkeet\/\"},{\"@type\":\"ListItem\",\"position\":5,\"name\":\"Kampausrullat\",\"item\":\"https:\/\/kinnunen.kotisivut.co\/tuote-osasto\/tarvikkeet\/kampaustarvikkeet\/kampausrullat\/\"},{\"@type\":\"ListItem\",\"position\":6,\"name\":\"Tarrarullat, eri kokoja\"}]},{\"@type\":\"WebSite\",\"@id\":\"https:\/\/kinnunen.kotisivut.co\/#website\",\"url\":\"https:\/\/kinnunen.kotisivut.co\/\",\"name\":\"Kinnunen\",\"description\":\"\",\"potentialAction\":[{\"@type\":\"SearchAction\",\"target\":{\"@type\":\"EntryPoint\",\"urlTemplate\":\"https:\/\/kinnunen.kotisivut.co\/?s={search_term_string}\"},\"query-input\":\"required name=search_term_string\"}],\"inLanguage\":\"en-GB\"}]}<\/script>\n<!-- \/ Yoast SEO plugin. -->","yoast_head_json":{"title":"Kampaustarvikkeet | Tarrarullat | Kinnunen Oy","robots":{"index":"noindex","follow":"follow","max-snippet":"max-snippet:-1","max-image-preview":"max-image-preview:large","max-video-preview":"max-video-preview:-1"},"og_locale":"en_GB","og_type":"article","og_title":"Kampaustarvikkeet | Tarrarullat | Kinnunen Oy","og_description":"Helppok\u00e4ytt\u00f6iset tarrarullat pysyv\u00e4t hiuksissa tarrapintansa avulla, ne sopivat erityisen hyvin lyhyille ja puolipitkille hiuksille. Tarrarullat luot ihanat kiharakampaukset helposti ja&hellip;","og_url":"https:\/\/kinnunen.kotisivut.co\/en\/product\/tarrarullat\/","og_site_name":"Kinnunen","article_modified_time":"2025-12-12T12:02:10+00:00","og_image":[{"width":1000,"height":1000,"url":"https:\/\/kinnunen.kotisivut.co\/wp-content\/uploads\/2021\/10\/41120_32.jpg","type":"image\/jpeg"}],"twitter_card":"summary_large_image","schema":{"@context":"https:\/\/schema.org","@graph":[{"@type":"WebPage","@id":"https:\/\/kinnunen.kotisivut.co\/tuote\/tarrarullat\/","url":"https:\/\/kinnunen.kotisivut.co\/tuote\/tarrarullat\/","name":"Kampaustarvikkeet | Tarrarullat | Kinnunen Oy","isPartOf":{"@id":"https:\/\/kinnunen.kotisivut.co\/#website"},"primaryImageOfPage":{"@id":"https:\/\/kinnunen.kotisivut.co\/tuote\/tarrarullat\/#primaryimage"},"image":{"@id":"https:\/\/kinnunen.kotisivut.co\/tuote\/tarrarullat\/#primaryimage"},"thumbnailUrl":"https:\/\/kinnunen.kotisivut.co\/wp-content\/uploads\/2021\/10\/41120_32.jpg","datePublished":"2021-10-29T10:55:01+00:00","dateModified":"2025-12-12T12:02:10+00:00","breadcrumb":{"@id":"https:\/\/kinnunen.kotisivut.co\/tuote\/tarrarullat\/#breadcrumb"},"inLanguage":"en-GB","potentialAction":[{"@type":"ReadAction","target":["https:\/\/kinnunen.kotisivut.co\/tuote\/tarrarullat\/"]}]},{"@type":"ImageObject","inLanguage":"en-GB","@id":"https:\/\/kinnunen.kotisivut.co\/tuote\/tarrarullat\/#primaryimage","url":"https:\/\/kinnunen.kotisivut.co\/wp-content\/uploads\/2021\/10\/41120_32.jpg","contentUrl":"https:\/\/kinnunen.kotisivut.co\/wp-content\/uploads\/2021\/10\/41120_32.jpg","width":1000,"height":1000},{"@type":"BreadcrumbList","@id":"https:\/\/kinnunen.kotisivut.co\/tuote\/tarrarullat\/#breadcrumb","itemListElement":[{"@type":"ListItem","position":1,"name":"Etusivu","item":"https:\/\/kinnunen.kotisivut.co\/"},{"@type":"ListItem","position":2,"name":"Kaikki tuotteet","item":"https:\/\/kinnunen.kotisivut.co\/kauppa\/"},{"@type":"ListItem","position":3,"name":"Tarvikkeet","item":"https:\/\/kinnunen.kotisivut.co\/tuote-osasto\/tarvikkeet\/"},{"@type":"ListItem","position":4,"name":"Kampaustarvikkeet","item":"https:\/\/kinnunen.kotisivut.co\/tuote-osasto\/tarvikkeet\/kampaustarvikkeet\/"},{"@type":"ListItem","position":5,"name":"Kampausrullat","item":"https:\/\/kinnunen.kotisivut.co\/tuote-osasto\/tarvikkeet\/kampaustarvikkeet\/kampausrullat\/"},{"@type":"ListItem","position":6,"name":"Tarrarullat, eri kokoja"}]},{"@type":"WebSite","@id":"https:\/\/kinnunen.kotisivut.co\/#website","url":"https:\/\/kinnunen.kotisivut.co\/","name":"Kinnunen","description":"","potentialAction":[{"@type":"SearchAction","target":{"@type":"EntryPoint","urlTemplate":"https:\/\/kinnunen.kotisivut.co\/?s={search_term_string}"},"query-input":"required name=search_term_string"}],"inLanguage":"en-GB"}]}},"_links":{"self":[{"href":"https:\/\/kinnunen.kotisivut.co\/en\/wp-json\/wp\/v2\/product\/12014","targetHints":{"allow":["GET"]}}],"collection":[{"href":"https:\/\/kinnunen.kotisivut.co\/en\/wp-json\/wp\/v2\/product"}],"about":[{"href":"https:\/\/kinnunen.kotisivut.co\/en\/wp-json\/wp\/v2\/types\/product"}],"replies":[{"embeddable":true,"href":"https:\/\/kinnunen.kotisivut.co\/en\/wp-json\/wp\/v2\/comments?post=12014"}],"wp:featuredmedia":[{"embeddable":true,"href":"https:\/\/kinnunen.kotisivut.co\/en\/wp-json\/wp\/v2\/media\/13782"}],"wp:attachment":[{"href":"https:\/\/kinnunen.kotisivut.co\/en\/wp-json\/wp\/v2\/media?parent=12014"}],"wp:term":[{"taxonomy":"product_cat","embeddable":true,"href":"https:\/\/kinnunen.kotisivut.co\/en\/wp-json\/wp\/v2\/product_cat?post=12014"},{"taxonomy":"product_tag","embeddable":true,"href":"https:\/\/kinnunen.kotisivut.co\/en\/wp-json\/wp\/v2\/product_tag?post=12014"}],"curies":[{"name":"wp","href":"https:\/\/api.w.org\/{rel}","templated":true}]}}