

{"id":11765,"date":"2021-10-29T13:51:57","date_gmt":"2021-10-29T10:51:57","guid":{"rendered":"https:\/\/kinnunen.kotisivut.co-r.seravo.com\/tuote\/repair-kit\/"},"modified":"2025-09-29T11:51:29","modified_gmt":"2025-09-29T08:51:29","slug":"repair-kit","status":"publish","type":"product","link":"https:\/\/kinnunen.kotisivut.co\/en\/product\/repair-kit\/","title":{"rendered":"Repair kit"},"content":{"rendered":"<p>A package for modifying the base of the wig. The package contains a frontal reinforcement, a neck reinforcement, elastic bands and a reinforcement for the temporal plates. These are used to reduce the size of the wig base.<\/p>","protected":false},"excerpt":{"rendered":"<p>A package for modifying the base of the wig. The package contains a frontal reinforcement, a neck reinforcement, elastic bands and a reinforcement for the temporal plates. These are used to reduce the size of the wig base.<\/p>","protected":false},"featured_media":13479,"comment_status":"closed","ping_status":"open","template":"","meta":{"_relevanssi_hide_post":"","_relevanssi_pin_for_all":"","_relevanssi_pin_keywords":"","_relevanssi_unpin_keywords":"","_relevanssi_related_keywords":"","_relevanssi_related_include_ids":"","_relevanssi_related_exclude_ids":"","_relevanssi_related_no_append":"","_relevanssi_related_not_related":"","_relevanssi_related_posts":"","_relevanssi_noindex_reason":""},"product_cat":[1770,1772],"product_tag":[],"class_list":["post-11765","product","type-product","status-publish","has-post-thumbnail","hentry","product_cat-peruukkituotteet","product_cat-peruukkitarvikkeet","pa_vari-beige","pa_vari-ruskea","pa_vari-valkoinen"],"tuotemerkit":[],"acf":[],"yoast_head":"<!-- This site is optimized with the Yoast SEO plugin v23.3 - https:\/\/yoast.com\/wordpress\/plugins\/seo\/ -->\n<title>Peruukkitarvikkeet | Kinnunen Oy<\/title>\n<meta name=\"robots\" content=\"noindex, follow, max-snippet:-1, max-image-preview:large, max-video-preview:-1\" \/>\n<meta property=\"og:locale\" content=\"en_GB\" \/>\n<meta property=\"og:type\" content=\"article\" \/>\n<meta property=\"og:title\" content=\"Peruukkitarvikkeet | Kinnunen Oy\" \/>\n<meta property=\"og:description\" content=\"Paketti peruukin pohjan muokkaukseen. Paketti sis\u00e4lt\u00e4\u00e4 peruukin pohjaan etuosavahvikkeen, niskaosavahvikkeen, kuminauhoja sek\u00e4 vahvikkeen ohimolahdekkeille. N\u00e4iden avulla peruukin pohjaa saa pienennetty\u00e4.\" \/>\n<meta property=\"og:url\" content=\"https:\/\/kinnunen.kotisivut.co\/en\/product\/repair-kit\/\" \/>\n<meta property=\"og:site_name\" content=\"Kinnunen\" \/>\n<meta property=\"article:modified_time\" content=\"2025-09-29T08:51:29+00:00\" \/>\n<meta property=\"og:image\" content=\"https:\/\/kinnunen.kotisivut.co\/wp-content\/uploads\/2021\/10\/21022-21024-Repair_kit.jpg\" \/>\n\t<meta property=\"og:image:width\" content=\"1000\" \/>\n\t<meta property=\"og:image:height\" content=\"999\" \/>\n\t<meta property=\"og:image:type\" content=\"image\/jpeg\" \/>\n<meta name=\"twitter:card\" content=\"summary_large_image\" \/>\n<script type=\"application\/ld+json\" class=\"yoast-schema-graph\">{\"@context\":\"https:\/\/schema.org\",\"@graph\":[{\"@type\":\"WebPage\",\"@id\":\"https:\/\/kinnunen.kotisivut.co\/tuote\/repair-kit\/\",\"url\":\"https:\/\/kinnunen.kotisivut.co\/tuote\/repair-kit\/\",\"name\":\"Peruukkitarvikkeet | Kinnunen Oy\",\"isPartOf\":{\"@id\":\"https:\/\/kinnunen.kotisivut.co\/#website\"},\"primaryImageOfPage\":{\"@id\":\"https:\/\/kinnunen.kotisivut.co\/tuote\/repair-kit\/#primaryimage\"},\"image\":{\"@id\":\"https:\/\/kinnunen.kotisivut.co\/tuote\/repair-kit\/#primaryimage\"},\"thumbnailUrl\":\"https:\/\/kinnunen.kotisivut.co\/wp-content\/uploads\/2021\/10\/21022-21024-Repair_kit.jpg\",\"datePublished\":\"2021-10-29T10:51:57+00:00\",\"dateModified\":\"2025-09-29T08:51:29+00:00\",\"breadcrumb\":{\"@id\":\"https:\/\/kinnunen.kotisivut.co\/tuote\/repair-kit\/#breadcrumb\"},\"inLanguage\":\"en-GB\",\"potentialAction\":[{\"@type\":\"ReadAction\",\"target\":[\"https:\/\/kinnunen.kotisivut.co\/tuote\/repair-kit\/\"]}]},{\"@type\":\"ImageObject\",\"inLanguage\":\"en-GB\",\"@id\":\"https:\/\/kinnunen.kotisivut.co\/tuote\/repair-kit\/#primaryimage\",\"url\":\"https:\/\/kinnunen.kotisivut.co\/wp-content\/uploads\/2021\/10\/21022-21024-Repair_kit.jpg\",\"contentUrl\":\"https:\/\/kinnunen.kotisivut.co\/wp-content\/uploads\/2021\/10\/21022-21024-Repair_kit.jpg\",\"width\":1000,\"height\":999},{\"@type\":\"BreadcrumbList\",\"@id\":\"https:\/\/kinnunen.kotisivut.co\/tuote\/repair-kit\/#breadcrumb\",\"itemListElement\":[{\"@type\":\"ListItem\",\"position\":1,\"name\":\"Etusivu\",\"item\":\"https:\/\/kinnunen.kotisivut.co\/\"},{\"@type\":\"ListItem\",\"position\":2,\"name\":\"Kaikki tuotteet\",\"item\":\"https:\/\/kinnunen.kotisivut.co\/kauppa\/\"},{\"@type\":\"ListItem\",\"position\":3,\"name\":\"Peruukkituotteet\",\"item\":\"https:\/\/kinnunen.kotisivut.co\/tuote-osasto\/peruukkituotteet\/\"},{\"@type\":\"ListItem\",\"position\":4,\"name\":\"Peruukkitarvikkeet\",\"item\":\"https:\/\/kinnunen.kotisivut.co\/tuote-osasto\/peruukkituotteet\/peruukkitarvikkeet\/\"},{\"@type\":\"ListItem\",\"position\":5,\"name\":\"Repair Kit\"}]},{\"@type\":\"WebSite\",\"@id\":\"https:\/\/kinnunen.kotisivut.co\/#website\",\"url\":\"https:\/\/kinnunen.kotisivut.co\/\",\"name\":\"Kinnunen\",\"description\":\"\",\"potentialAction\":[{\"@type\":\"SearchAction\",\"target\":{\"@type\":\"EntryPoint\",\"urlTemplate\":\"https:\/\/kinnunen.kotisivut.co\/?s={search_term_string}\"},\"query-input\":\"required name=search_term_string\"}],\"inLanguage\":\"en-GB\"}]}<\/script>\n<!-- \/ Yoast SEO plugin. -->","yoast_head_json":{"title":"Peruukkitarvikkeet | Kinnunen Oy","robots":{"index":"noindex","follow":"follow","max-snippet":"max-snippet:-1","max-image-preview":"max-image-preview:large","max-video-preview":"max-video-preview:-1"},"og_locale":"en_GB","og_type":"article","og_title":"Peruukkitarvikkeet | Kinnunen Oy","og_description":"Paketti peruukin pohjan muokkaukseen. Paketti sis\u00e4lt\u00e4\u00e4 peruukin pohjaan etuosavahvikkeen, niskaosavahvikkeen, kuminauhoja sek\u00e4 vahvikkeen ohimolahdekkeille. N\u00e4iden avulla peruukin pohjaa saa pienennetty\u00e4.","og_url":"https:\/\/kinnunen.kotisivut.co\/en\/product\/repair-kit\/","og_site_name":"Kinnunen","article_modified_time":"2025-09-29T08:51:29+00:00","og_image":[{"width":1000,"height":999,"url":"https:\/\/kinnunen.kotisivut.co\/wp-content\/uploads\/2021\/10\/21022-21024-Repair_kit.jpg","type":"image\/jpeg"}],"twitter_card":"summary_large_image","schema":{"@context":"https:\/\/schema.org","@graph":[{"@type":"WebPage","@id":"https:\/\/kinnunen.kotisivut.co\/tuote\/repair-kit\/","url":"https:\/\/kinnunen.kotisivut.co\/tuote\/repair-kit\/","name":"Peruukkitarvikkeet | Kinnunen Oy","isPartOf":{"@id":"https:\/\/kinnunen.kotisivut.co\/#website"},"primaryImageOfPage":{"@id":"https:\/\/kinnunen.kotisivut.co\/tuote\/repair-kit\/#primaryimage"},"image":{"@id":"https:\/\/kinnunen.kotisivut.co\/tuote\/repair-kit\/#primaryimage"},"thumbnailUrl":"https:\/\/kinnunen.kotisivut.co\/wp-content\/uploads\/2021\/10\/21022-21024-Repair_kit.jpg","datePublished":"2021-10-29T10:51:57+00:00","dateModified":"2025-09-29T08:51:29+00:00","breadcrumb":{"@id":"https:\/\/kinnunen.kotisivut.co\/tuote\/repair-kit\/#breadcrumb"},"inLanguage":"en-GB","potentialAction":[{"@type":"ReadAction","target":["https:\/\/kinnunen.kotisivut.co\/tuote\/repair-kit\/"]}]},{"@type":"ImageObject","inLanguage":"en-GB","@id":"https:\/\/kinnunen.kotisivut.co\/tuote\/repair-kit\/#primaryimage","url":"https:\/\/kinnunen.kotisivut.co\/wp-content\/uploads\/2021\/10\/21022-21024-Repair_kit.jpg","contentUrl":"https:\/\/kinnunen.kotisivut.co\/wp-content\/uploads\/2021\/10\/21022-21024-Repair_kit.jpg","width":1000,"height":999},{"@type":"BreadcrumbList","@id":"https:\/\/kinnunen.kotisivut.co\/tuote\/repair-kit\/#breadcrumb","itemListElement":[{"@type":"ListItem","position":1,"name":"Etusivu","item":"https:\/\/kinnunen.kotisivut.co\/"},{"@type":"ListItem","position":2,"name":"Kaikki tuotteet","item":"https:\/\/kinnunen.kotisivut.co\/kauppa\/"},{"@type":"ListItem","position":3,"name":"Peruukkituotteet","item":"https:\/\/kinnunen.kotisivut.co\/tuote-osasto\/peruukkituotteet\/"},{"@type":"ListItem","position":4,"name":"Peruukkitarvikkeet","item":"https:\/\/kinnunen.kotisivut.co\/tuote-osasto\/peruukkituotteet\/peruukkitarvikkeet\/"},{"@type":"ListItem","position":5,"name":"Repair Kit"}]},{"@type":"WebSite","@id":"https:\/\/kinnunen.kotisivut.co\/#website","url":"https:\/\/kinnunen.kotisivut.co\/","name":"Kinnunen","description":"","potentialAction":[{"@type":"SearchAction","target":{"@type":"EntryPoint","urlTemplate":"https:\/\/kinnunen.kotisivut.co\/?s={search_term_string}"},"query-input":"required name=search_term_string"}],"inLanguage":"en-GB"}]}},"_links":{"self":[{"href":"https:\/\/kinnunen.kotisivut.co\/en\/wp-json\/wp\/v2\/product\/11765","targetHints":{"allow":["GET"]}}],"collection":[{"href":"https:\/\/kinnunen.kotisivut.co\/en\/wp-json\/wp\/v2\/product"}],"about":[{"href":"https:\/\/kinnunen.kotisivut.co\/en\/wp-json\/wp\/v2\/types\/product"}],"replies":[{"embeddable":true,"href":"https:\/\/kinnunen.kotisivut.co\/en\/wp-json\/wp\/v2\/comments?post=11765"}],"wp:featuredmedia":[{"embeddable":true,"href":"https:\/\/kinnunen.kotisivut.co\/en\/wp-json\/wp\/v2\/media\/13479"}],"wp:attachment":[{"href":"https:\/\/kinnunen.kotisivut.co\/en\/wp-json\/wp\/v2\/media?parent=11765"}],"wp:term":[{"taxonomy":"product_cat","embeddable":true,"href":"https:\/\/kinnunen.kotisivut.co\/en\/wp-json\/wp\/v2\/product_cat?post=11765"},{"taxonomy":"product_tag","embeddable":true,"href":"https:\/\/kinnunen.kotisivut.co\/en\/wp-json\/wp\/v2\/product_tag?post=11765"}],"curies":[{"name":"wp","href":"https:\/\/api.w.org\/{rel}","templated":true}]}}