

{"id":11526,"date":"2021-10-29T13:48:54","date_gmt":"2021-10-29T10:48:54","guid":{"rendered":"https:\/\/kinnunen.kotisivut.co-r.seravo.com\/tuote\/sn-mago-50cm-laine\/"},"modified":"2025-12-09T20:55:40","modified_gmt":"2025-12-09T18:55:40","slug":"sn-mago-50cm-laine","status":"publish","type":"product","link":"https:\/\/kinnunen.kotisivut.co\/en\/product\/sn-mago-50cm-laine\/","title":{"rendered":"SN Mago 50cm wave"},"content":{"rendered":"<p>Simply Natural\u00ae uses only the highest quality Super Remy Indian hair, sourced ethically and sustainably. Simply Natural\u00ae hair is not peeled or subjected to harsh chemical treatments. The lightest shades are bleached for over a month, in very mild solutions, to ensure a quality finish. All steps are handcrafted in our Simply Natural\u00ae factory in Indonesia.<\/p>\n<p>We give a 3-month guarantee on the hair material when the hair extensions are treated according to the instructions, and <a href=\"https:\/\/kinnunen.kotisivut.co\/en\/?s=take care\">Simply Natural\u00ae Take Care<\/a> or Keune products recommended for extensions.<br \/>\nFor Simply Natural extensions treatment instructions and recommended Keune product list, please visit our <a href=\"https:\/\/kinnunen.kotisivut.co\/en\/tuoteoppaat-ja-ohjeet\/\">product guides and instructions &gt;&gt;<\/a><\/p>","protected":false},"excerpt":{"rendered":"<p>Mago is the gentlest hair extension technique on the market, based on knot tying with cotton thread. The technique is suitable for almost everyone, as no chemicals or even electricity are needed to attach or remove the sections. The end result is beautiful and unobtrusive.<br \/>\nTechnology only <a href=\"https:\/\/kinnunen.kotisivut.co\/en\/product\/simply-natural-mago-pidennyskoulutus\/\">our training<\/a> for visiting hairdressers!<\/p>","protected":false},"featured_media":44598,"comment_status":"closed","ping_status":"closed","template":"","meta":{"_relevanssi_hide_post":"","_relevanssi_pin_for_all":"","_relevanssi_pin_keywords":"","_relevanssi_unpin_keywords":"","_relevanssi_related_keywords":"","_relevanssi_related_include_ids":"","_relevanssi_related_exclude_ids":"","_relevanssi_related_no_append":"","_relevanssi_related_not_related":"","_relevanssi_related_posts":"","_relevanssi_noindex_reason":""},"product_cat":[1767,1916,1917],"product_tag":[],"class_list":["post-11526","product","type-product","status-publish","has-post-thumbnail","hentry","product_cat-hiustenpidennykset","product_cat-simply-natural","product_cat-mago","pa_pituus-50-cm","pa_tuotesarja-simply-natural","pa_vari-403","pa_vari-414","pa_vari-10-lanka-7-2","pa_vari-10-1","pa_vari-10-2","pa_vari-10-2-lanka-7-2","pa_vari-3-3","pa_vari-5-3","pa_vari-5-3-8-3","pa_vari-6-2","pa_vari-6-3","pa_vari-7-2","pa_vari-7-2-10-2","pa_vari-7-35","pa_vari-8-2-10","pa_vari-8-3","pa_vari-8-66","pa_vari-9-2","pa_vari-9-3","pa_vari-9-43-rajoitettu-era-hiuksen-pituus-475cm"],"tuotemerkit":[],"acf":[],"yoast_head":"<!-- This site is optimized with the Yoast SEO plugin v23.3 - https:\/\/yoast.com\/wordpress\/plugins\/seo\/ -->\n<title>Mago | Simply Natural | Kinnunen Oy<\/title>\n<meta name=\"description\" content=\"Mago on markkinoiden hell\u00e4varaisin hiustenpidennystekniikka, joka perustuu puuvillalangalla tehtyihin solmukiinnityksiin. Tekniikka ei vaadi kiinnit\u00e4miseen tai poistoon kemikaaleja tai edes s\u00e4hk\u00f6\u00e4. Lopputulos on kaunis ja huomaamaton. Patentoitu tekniikka, jota et saa muualta.\" \/>\n<meta name=\"robots\" content=\"noindex, follow, max-snippet:-1, max-image-preview:large, max-video-preview:-1\" \/>\n<meta property=\"og:locale\" content=\"en_GB\" \/>\n<meta property=\"og:type\" content=\"article\" \/>\n<meta property=\"og:title\" content=\"Mago | Simply Natural | Kinnunen Oy\" \/>\n<meta property=\"og:description\" content=\"Mago on markkinoiden hell\u00e4varaisin hiustenpidennystekniikka, joka perustuu puuvillalangalla tehtyihin solmukiinnityksiin. Tekniikka ei vaadi kiinnit\u00e4miseen tai poistoon kemikaaleja tai edes s\u00e4hk\u00f6\u00e4. Lopputulos on kaunis ja huomaamaton. Patentoitu tekniikka, jota et saa muualta.\" \/>\n<meta property=\"og:url\" content=\"https:\/\/kinnunen.kotisivut.co\/en\/product\/sn-mago-50cm-laine\/\" \/>\n<meta property=\"og:site_name\" content=\"Kinnunen\" \/>\n<meta property=\"article:modified_time\" content=\"2025-12-09T18:55:40+00:00\" \/>\n<meta property=\"og:image\" content=\"https:\/\/kinnunen.kotisivut.co\/wp-content\/uploads\/2021\/10\/Kinnunen-Mago.jpg\" \/>\n\t<meta property=\"og:image:width\" content=\"1080\" \/>\n\t<meta property=\"og:image:height\" content=\"1080\" \/>\n\t<meta property=\"og:image:type\" content=\"image\/jpeg\" \/>\n<meta name=\"twitter:card\" content=\"summary_large_image\" \/>\n<meta name=\"twitter:label1\" content=\"Estimated reading time\" \/>\n\t<meta name=\"twitter:data1\" content=\"1 minute\" \/>\n<script type=\"application\/ld+json\" class=\"yoast-schema-graph\">{\"@context\":\"https:\/\/schema.org\",\"@graph\":[{\"@type\":\"WebPage\",\"@id\":\"https:\/\/kinnunen.kotisivut.co\/tuote\/sn-mago-50cm-laine\/\",\"url\":\"https:\/\/kinnunen.kotisivut.co\/tuote\/sn-mago-50cm-laine\/\",\"name\":\"Mago | Simply Natural | Kinnunen Oy\",\"isPartOf\":{\"@id\":\"https:\/\/kinnunen.kotisivut.co\/#website\"},\"primaryImageOfPage\":{\"@id\":\"https:\/\/kinnunen.kotisivut.co\/tuote\/sn-mago-50cm-laine\/#primaryimage\"},\"image\":{\"@id\":\"https:\/\/kinnunen.kotisivut.co\/tuote\/sn-mago-50cm-laine\/#primaryimage\"},\"thumbnailUrl\":\"https:\/\/kinnunen.kotisivut.co\/wp-content\/uploads\/2021\/10\/Kinnunen-Mago.jpg\",\"datePublished\":\"2021-10-29T10:48:54+00:00\",\"dateModified\":\"2025-12-09T18:55:40+00:00\",\"description\":\"Mago on markkinoiden hell\u00e4varaisin hiustenpidennystekniikka, joka perustuu puuvillalangalla tehtyihin solmukiinnityksiin. Tekniikka ei vaadi kiinnit\u00e4miseen tai poistoon kemikaaleja tai edes s\u00e4hk\u00f6\u00e4. Lopputulos on kaunis ja huomaamaton. Patentoitu tekniikka, jota et saa muualta.\",\"breadcrumb\":{\"@id\":\"https:\/\/kinnunen.kotisivut.co\/tuote\/sn-mago-50cm-laine\/#breadcrumb\"},\"inLanguage\":\"en-GB\",\"potentialAction\":[{\"@type\":\"ReadAction\",\"target\":[\"https:\/\/kinnunen.kotisivut.co\/tuote\/sn-mago-50cm-laine\/\"]}]},{\"@type\":\"ImageObject\",\"inLanguage\":\"en-GB\",\"@id\":\"https:\/\/kinnunen.kotisivut.co\/tuote\/sn-mago-50cm-laine\/#primaryimage\",\"url\":\"https:\/\/kinnunen.kotisivut.co\/wp-content\/uploads\/2021\/10\/Kinnunen-Mago.jpg\",\"contentUrl\":\"https:\/\/kinnunen.kotisivut.co\/wp-content\/uploads\/2021\/10\/Kinnunen-Mago.jpg\",\"width\":1080,\"height\":1080},{\"@type\":\"BreadcrumbList\",\"@id\":\"https:\/\/kinnunen.kotisivut.co\/tuote\/sn-mago-50cm-laine\/#breadcrumb\",\"itemListElement\":[{\"@type\":\"ListItem\",\"position\":1,\"name\":\"Etusivu\",\"item\":\"https:\/\/kinnunen.kotisivut.co\/\"},{\"@type\":\"ListItem\",\"position\":2,\"name\":\"Kaikki tuotteet\",\"item\":\"https:\/\/kinnunen.kotisivut.co\/kauppa\/\"},{\"@type\":\"ListItem\",\"position\":3,\"name\":\"Hiustenpidennykset\",\"item\":\"https:\/\/kinnunen.kotisivut.co\/tuote-osasto\/hiustenpidennykset\/\"},{\"@type\":\"ListItem\",\"position\":4,\"name\":\"Simply Natural -pidennyshiukset\",\"item\":\"https:\/\/kinnunen.kotisivut.co\/tuote-osasto\/hiustenpidennykset\/simply-natural\/\"},{\"@type\":\"ListItem\",\"position\":5,\"name\":\"Mago\",\"item\":\"https:\/\/kinnunen.kotisivut.co\/tuote-osasto\/hiustenpidennykset\/simply-natural\/mago\/\"},{\"@type\":\"ListItem\",\"position\":6,\"name\":\"SN Mago 50cm laine\"}]},{\"@type\":\"WebSite\",\"@id\":\"https:\/\/kinnunen.kotisivut.co\/#website\",\"url\":\"https:\/\/kinnunen.kotisivut.co\/\",\"name\":\"Kinnunen\",\"description\":\"\",\"potentialAction\":[{\"@type\":\"SearchAction\",\"target\":{\"@type\":\"EntryPoint\",\"urlTemplate\":\"https:\/\/kinnunen.kotisivut.co\/?s={search_term_string}\"},\"query-input\":\"required name=search_term_string\"}],\"inLanguage\":\"en-GB\"}]}<\/script>\n<!-- \/ Yoast SEO plugin. -->","yoast_head_json":{"title":"Mago | Simply Natural | Kinnunen Oy","description":"Mago on markkinoiden hell\u00e4varaisin hiustenpidennystekniikka, joka perustuu puuvillalangalla tehtyihin solmukiinnityksiin. Tekniikka ei vaadi kiinnit\u00e4miseen tai poistoon kemikaaleja tai edes s\u00e4hk\u00f6\u00e4. Lopputulos on kaunis ja huomaamaton. Patentoitu tekniikka, jota et saa muualta.","robots":{"index":"noindex","follow":"follow","max-snippet":"max-snippet:-1","max-image-preview":"max-image-preview:large","max-video-preview":"max-video-preview:-1"},"og_locale":"en_GB","og_type":"article","og_title":"Mago | Simply Natural | Kinnunen Oy","og_description":"Mago on markkinoiden hell\u00e4varaisin hiustenpidennystekniikka, joka perustuu puuvillalangalla tehtyihin solmukiinnityksiin. Tekniikka ei vaadi kiinnit\u00e4miseen tai poistoon kemikaaleja tai edes s\u00e4hk\u00f6\u00e4. Lopputulos on kaunis ja huomaamaton. Patentoitu tekniikka, jota et saa muualta.","og_url":"https:\/\/kinnunen.kotisivut.co\/en\/product\/sn-mago-50cm-laine\/","og_site_name":"Kinnunen","article_modified_time":"2025-12-09T18:55:40+00:00","og_image":[{"width":1080,"height":1080,"url":"https:\/\/kinnunen.kotisivut.co\/wp-content\/uploads\/2021\/10\/Kinnunen-Mago.jpg","type":"image\/jpeg"}],"twitter_card":"summary_large_image","twitter_misc":{"Estimated reading time":"1 minute"},"schema":{"@context":"https:\/\/schema.org","@graph":[{"@type":"WebPage","@id":"https:\/\/kinnunen.kotisivut.co\/tuote\/sn-mago-50cm-laine\/","url":"https:\/\/kinnunen.kotisivut.co\/tuote\/sn-mago-50cm-laine\/","name":"Mago | Simply Natural | Kinnunen Oy","isPartOf":{"@id":"https:\/\/kinnunen.kotisivut.co\/#website"},"primaryImageOfPage":{"@id":"https:\/\/kinnunen.kotisivut.co\/tuote\/sn-mago-50cm-laine\/#primaryimage"},"image":{"@id":"https:\/\/kinnunen.kotisivut.co\/tuote\/sn-mago-50cm-laine\/#primaryimage"},"thumbnailUrl":"https:\/\/kinnunen.kotisivut.co\/wp-content\/uploads\/2021\/10\/Kinnunen-Mago.jpg","datePublished":"2021-10-29T10:48:54+00:00","dateModified":"2025-12-09T18:55:40+00:00","description":"Mago on markkinoiden hell\u00e4varaisin hiustenpidennystekniikka, joka perustuu puuvillalangalla tehtyihin solmukiinnityksiin. Tekniikka ei vaadi kiinnit\u00e4miseen tai poistoon kemikaaleja tai edes s\u00e4hk\u00f6\u00e4. Lopputulos on kaunis ja huomaamaton. Patentoitu tekniikka, jota et saa muualta.","breadcrumb":{"@id":"https:\/\/kinnunen.kotisivut.co\/tuote\/sn-mago-50cm-laine\/#breadcrumb"},"inLanguage":"en-GB","potentialAction":[{"@type":"ReadAction","target":["https:\/\/kinnunen.kotisivut.co\/tuote\/sn-mago-50cm-laine\/"]}]},{"@type":"ImageObject","inLanguage":"en-GB","@id":"https:\/\/kinnunen.kotisivut.co\/tuote\/sn-mago-50cm-laine\/#primaryimage","url":"https:\/\/kinnunen.kotisivut.co\/wp-content\/uploads\/2021\/10\/Kinnunen-Mago.jpg","contentUrl":"https:\/\/kinnunen.kotisivut.co\/wp-content\/uploads\/2021\/10\/Kinnunen-Mago.jpg","width":1080,"height":1080},{"@type":"BreadcrumbList","@id":"https:\/\/kinnunen.kotisivut.co\/tuote\/sn-mago-50cm-laine\/#breadcrumb","itemListElement":[{"@type":"ListItem","position":1,"name":"Etusivu","item":"https:\/\/kinnunen.kotisivut.co\/"},{"@type":"ListItem","position":2,"name":"Kaikki tuotteet","item":"https:\/\/kinnunen.kotisivut.co\/kauppa\/"},{"@type":"ListItem","position":3,"name":"Hiustenpidennykset","item":"https:\/\/kinnunen.kotisivut.co\/tuote-osasto\/hiustenpidennykset\/"},{"@type":"ListItem","position":4,"name":"Simply Natural -pidennyshiukset","item":"https:\/\/kinnunen.kotisivut.co\/tuote-osasto\/hiustenpidennykset\/simply-natural\/"},{"@type":"ListItem","position":5,"name":"Mago","item":"https:\/\/kinnunen.kotisivut.co\/tuote-osasto\/hiustenpidennykset\/simply-natural\/mago\/"},{"@type":"ListItem","position":6,"name":"SN Mago 50cm laine"}]},{"@type":"WebSite","@id":"https:\/\/kinnunen.kotisivut.co\/#website","url":"https:\/\/kinnunen.kotisivut.co\/","name":"Kinnunen","description":"","potentialAction":[{"@type":"SearchAction","target":{"@type":"EntryPoint","urlTemplate":"https:\/\/kinnunen.kotisivut.co\/?s={search_term_string}"},"query-input":"required name=search_term_string"}],"inLanguage":"en-GB"}]}},"_links":{"self":[{"href":"https:\/\/kinnunen.kotisivut.co\/en\/wp-json\/wp\/v2\/product\/11526","targetHints":{"allow":["GET"]}}],"collection":[{"href":"https:\/\/kinnunen.kotisivut.co\/en\/wp-json\/wp\/v2\/product"}],"about":[{"href":"https:\/\/kinnunen.kotisivut.co\/en\/wp-json\/wp\/v2\/types\/product"}],"replies":[{"embeddable":true,"href":"https:\/\/kinnunen.kotisivut.co\/en\/wp-json\/wp\/v2\/comments?post=11526"}],"wp:featuredmedia":[{"embeddable":true,"href":"https:\/\/kinnunen.kotisivut.co\/en\/wp-json\/wp\/v2\/media\/44598"}],"wp:attachment":[{"href":"https:\/\/kinnunen.kotisivut.co\/en\/wp-json\/wp\/v2\/media?parent=11526"}],"wp:term":[{"taxonomy":"product_cat","embeddable":true,"href":"https:\/\/kinnunen.kotisivut.co\/en\/wp-json\/wp\/v2\/product_cat?post=11526"},{"taxonomy":"product_tag","embeddable":true,"href":"https:\/\/kinnunen.kotisivut.co\/en\/wp-json\/wp\/v2\/product_tag?post=11526"}],"curies":[{"name":"wp","href":"https:\/\/api.w.org\/{rel}","templated":true}]}}